{"id":6940,"date":"2025-05-27T17:14:45","date_gmt":"2025-05-27T15:14:45","guid":{"rendered":"https:\/\/cdu-meerbusch.de\/?page_id=6940"},"modified":"2026-01-07T13:01:20","modified_gmt":"2026-01-07T12:01:20","slug":"senioren-union","status":"publish","type":"page","link":"https:\/\/cdu-meerbusch.de\/en\/partei\/vereinigungen\/senioren-union\/","title":{"rendered":"Seniors' Union"},"content":{"rendered":"<div data-elementor-type=\"wp-page\" data-elementor-id=\"6940\" class=\"elementor elementor-6940\" data-elementor-post-type=\"page\">\n\t\t\t\t\t\t<section class=\"elementor-section elementor-top-section elementor-element elementor-element-3490788 elementor-section-height-min-height elementor-section-items-stretch elementor-section-boxed elementor-section-height-default\" data-id=\"3490788\" data-element_type=\"section\" data-e-type=\"section\" data-settings=\"{&quot;background_background&quot;:&quot;classic&quot;,&quot;jet_parallax_layout_list&quot;:[]}\">\n\t\t\t\t\t\t<div class=\"elementor-container elementor-column-gap-default\">\n\t\t\t\t\t<div class=\"elementor-column elementor-col-50 elementor-top-column elementor-element elementor-element-deae7aa\" data-id=\"deae7aa\" data-element_type=\"column\" data-e-type=\"column\">\n\t\t\t<div class=\"elementor-widget-wrap elementor-element-populated\">\n\t\t\t\t\t\t<div class=\"elementor-element elementor-element-2e91798 elementor-widget elementor-widget-image\" data-id=\"2e91798\" data-element_type=\"widget\" data-e-type=\"widget\" data-widget_type=\"image.default\">\n\t\t\t\t<div class=\"elementor-widget-container\">\n\t\t\t\t\t\t\t\t\t\t\t\t\t\t\t<img fetchpriority=\"high\" decoding=\"async\" width=\"512\" height=\"512\" src=\"https:\/\/cdu-meerbusch.de\/wp-content\/uploads\/cdu-vereinigung-senioren-union.jpeg\" class=\"attachment-medium_large size-medium_large wp-image-6961\" alt=\"\" srcset=\"https:\/\/cdu-meerbusch.de\/wp-content\/uploads\/cdu-vereinigung-senioren-union.jpeg 512w, https:\/\/cdu-meerbusch.de\/wp-content\/uploads\/cdu-vereinigung-senioren-union-300x300.jpeg 300w, https:\/\/cdu-meerbusch.de\/wp-content\/uploads\/cdu-vereinigung-senioren-union-150x150.jpeg 150w, https:\/\/cdu-meerbusch.de\/wp-content\/uploads\/cdu-vereinigung-senioren-union-12x12.jpeg 12w\" sizes=\"(max-width: 512px) 100vw, 512px\" \/>\t\t\t\t\t\t\t\t\t\t\t\t\t\t\t<\/div>\n\t\t\t\t<\/div>\n\t\t\t\t\t<\/div>\n\t\t<\/div>\n\t\t\t\t<div class=\"elementor-column elementor-col-50 elementor-top-column elementor-element elementor-element-92808ec\" data-id=\"92808ec\" data-element_type=\"column\" data-e-type=\"column\">\n\t\t\t<div class=\"elementor-widget-wrap elementor-element-populated\">\n\t\t\t\t\t\t<div class=\"elementor-element elementor-element-50099bd elementor-widget elementor-widget-heading\" data-id=\"50099bd\" data-element_type=\"widget\" data-e-type=\"widget\" data-widget_type=\"heading.default\">\n\t\t\t\t<div class=\"elementor-widget-container\">\n\t\t\t\t\t<h1 class=\"elementor-heading-title elementor-size-default\"><span class=\"headline\">Seniors' Union <\/span><\/h1>\t\t\t\t<\/div>\n\t\t\t\t<\/div>\n\t\t\t\t\t<\/div>\n\t\t<\/div>\n\t\t\t\t\t<\/div>\n\t\t<\/section>\n\t\t\t\t<section class=\"elementor-section elementor-top-section elementor-element elementor-element-85b57b2 elementor-section-boxed elementor-section-height-default elementor-section-height-default\" data-id=\"85b57b2\" data-element_type=\"section\" data-e-type=\"section\" data-settings=\"{&quot;jet_parallax_layout_list&quot;:[]}\">\n\t\t\t\t\t\t<div class=\"elementor-container elementor-column-gap-default\">\n\t\t\t\t\t<div class=\"elementor-column elementor-col-100 elementor-top-column elementor-element elementor-element-dcb89a3\" data-id=\"dcb89a3\" data-element_type=\"column\" data-e-type=\"column\">\n\t\t\t<div class=\"elementor-widget-wrap elementor-element-populated\">\n\t\t\t\t\t\t<div class=\"elementor-element elementor-element-bd0e1fc elementor-widget elementor-widget-text-editor\" data-id=\"bd0e1fc\" data-element_type=\"widget\" data-e-type=\"widget\" data-widget_type=\"text-editor.default\">\n\t\t\t\t<div class=\"elementor-widget-container\">\n\t\t\t\t\t\t\t\t\t<p>The Seniors' Union of the CDU Germany was founded on 20 April 1988 in Bonn as the youngest association of the CDU Germany.<\/p><p>The organisation of the Seniors' Union corresponds to that of the CDU. It has almost 360 district associations throughout Germany. Of the more than 54,000 paying members, around 52 per cent are also members of the CDU. Anyone over the age of 60 can join the Seniors' Union. CDU membership is not required.<\/p><p>CDU members over the age of 60 are not automatically members of the Seniors' Union, but must join the Seniors' Union independently if they wish to become members. The federal office of the Seniors' Union is located in the Konrad-Adenauer-Haus, the CDU headquarters in Berlin-Tiergarten. The Seniors' Union is represented at European level in the European Seniors' Union (ESU).<\/p><p>What we want:<\/p><ul><li>Intergenerational justice<\/li><li>Participation in politics, business and society<\/li><li>Planning security and reliability in social security<\/li><li>Reversing the image of age<\/li><li>Participation in the progress of society<\/li><li>A bright future for our children and grandchildren<\/li><\/ul><p><span style=\"color: var( --e-global-color-secondary );\"><br \/>If you want to find out more: <\/span><a style=\"background-color: #ffffff;\" href=\"https:\/\/www.senioren-union.de\/\" target=\"_blank\" rel=\"noopener\">https:\/\/www.senioren-union.de\/<\/a><\/p>\t\t\t\t\t\t\t\t<\/div>\n\t\t\t\t<\/div>\n\t\t\t\t\t<\/div>\n\t\t<\/div>\n\t\t\t\t\t<\/div>\n\t\t<\/section>\n\t\t\t\t<section class=\"elementor-section elementor-top-section elementor-element elementor-element-f64ff1a elementor-section-height-min-height elementor-section-items-stretch elementor-section-content-top elementor-section-boxed elementor-section-height-default\" data-id=\"f64ff1a\" data-element_type=\"section\" data-e-type=\"section\" data-settings=\"{&quot;background_background&quot;:&quot;classic&quot;,&quot;jet_parallax_layout_list&quot;:[]}\">\n\t\t\t\t\t\t<div class=\"elementor-container elementor-column-gap-default\">\n\t\t\t\t\t<div class=\"elementor-column elementor-col-33 elementor-top-column elementor-element elementor-element-2b28f68\" data-id=\"2b28f68\" data-element_type=\"column\" data-e-type=\"column\">\n\t\t\t<div class=\"elementor-widget-wrap elementor-element-populated\">\n\t\t\t\t\t\t<div class=\"elementor-element elementor-element-a4fedef elementor-view-stacked elementor-position-inline-start elementor-shape-circle elementor-mobile-position-block-start elementor-widget elementor-widget-icon-box\" data-id=\"a4fedef\" data-element_type=\"widget\" data-e-type=\"widget\" data-widget_type=\"icon-box.default\">\n\t\t\t\t<div class=\"elementor-widget-container\">\n\t\t\t\t\t\t\t<div class=\"elementor-icon-box-wrapper\">\n\n\t\t\t\t\t\t<div class=\"elementor-icon-box-icon\">\n\t\t\t\t<span  class=\"elementor-icon\">\n\t\t\t\t<i aria-hidden=\"true\" class=\"fas fa-user\"><\/i>\t\t\t\t<\/span>\n\t\t\t<\/div>\n\t\t\t\n\t\t\t\t\t\t<div class=\"elementor-icon-box-content\">\n\n\t\t\t\t\t\t\t\t\t<h3 class=\"elementor-icon-box-title\">\n\t\t\t\t\t\t<span  >\n\t\t\t\t\t\t\tContact person\t\t\t\t\t\t<\/span>\n\t\t\t\t\t<\/h3>\n\t\t\t\t\n\t\t\t\t\t\t\t\t\t<p class=\"elementor-icon-box-description\">\n\t\t\t\t\t\tPeter Vossen\t\t\t\t\t<\/p>\n\t\t\t\t\n\t\t\t<\/div>\n\t\t\t\n\t\t<\/div>\n\t\t\t\t\t\t<\/div>\n\t\t\t\t<\/div>\n\t\t\t\t\t<\/div>\n\t\t<\/div>\n\t\t\t\t<div class=\"elementor-column elementor-col-33 elementor-top-column elementor-element elementor-element-921b6a3\" data-id=\"921b6a3\" data-element_type=\"column\" data-e-type=\"column\">\n\t\t\t<div class=\"elementor-widget-wrap elementor-element-populated\">\n\t\t\t\t\t\t<div class=\"elementor-element elementor-element-f707578 elementor-view-stacked elementor-position-inline-start elementor-shape-circle elementor-mobile-position-block-start elementor-widget elementor-widget-icon-box\" data-id=\"f707578\" data-element_type=\"widget\" data-e-type=\"widget\" data-widget_type=\"icon-box.default\">\n\t\t\t\t<div class=\"elementor-widget-container\">\n\t\t\t\t\t\t\t<div class=\"elementor-icon-box-wrapper\">\n\n\t\t\t\t\t\t<div class=\"elementor-icon-box-icon\">\n\t\t\t\t<a href=\"mailto:seniorenunion@cdu.de\" class=\"elementor-icon\" tabindex=\"-1\" aria-label=\"e-mail\">\n\t\t\t\t<i aria-hidden=\"true\" class=\"fas fa-envelope\"><\/i>\t\t\t\t<\/a>\n\t\t\t<\/div>\n\t\t\t\n\t\t\t\t\t\t<div class=\"elementor-icon-box-content\">\n\n\t\t\t\t\t\t\t\t\t<h3 class=\"elementor-icon-box-title\">\n\t\t\t\t\t\t<a href=\"mailto:seniorenunion@cdu.de\" >\n\t\t\t\t\t\t\te-mail\t\t\t\t\t\t<\/a>\n\t\t\t\t\t<\/h3>\n\t\t\t\t\n\t\t\t\t\t\t\t\t\t<p class=\"elementor-icon-box-description\">\n\t\t\t\t\t\tP.Vossen@cdu-meerbusch.de\t\t\t\t\t<\/p>\n\t\t\t\t\n\t\t\t<\/div>\n\t\t\t\n\t\t<\/div>\n\t\t\t\t\t\t<\/div>\n\t\t\t\t<\/div>\n\t\t\t\t\t<\/div>\n\t\t<\/div>\n\t\t\t\t<div class=\"elementor-column elementor-col-33 elementor-top-column elementor-element elementor-element-c6ced13\" data-id=\"c6ced13\" data-element_type=\"column\" data-e-type=\"column\">\n\t\t\t<div class=\"elementor-widget-wrap elementor-element-populated\">\n\t\t\t\t\t\t<div class=\"elementor-element elementor-element-1c26734 elementor-view-stacked elementor-position-inline-start elementor-shape-circle elementor-mobile-position-block-start elementor-widget elementor-widget-icon-box\" data-id=\"1c26734\" data-element_type=\"widget\" data-e-type=\"widget\" data-widget_type=\"icon-box.default\">\n\t\t\t\t<div class=\"elementor-widget-container\">\n\t\t\t\t\t\t\t<div class=\"elementor-icon-box-wrapper\">\n\n\t\t\t\t\t\t<div class=\"elementor-icon-box-icon\">\n\t\t\t\t<a href=\"https:\/\/www.senioren-union.de\/\" target=\"_blank\" class=\"elementor-icon\" tabindex=\"-1\" aria-label=\"Homepage\">\n\t\t\t\t<i aria-hidden=\"true\" class=\"fas fa-home\"><\/i>\t\t\t\t<\/a>\n\t\t\t<\/div>\n\t\t\t\n\t\t\t\t\t\t<div class=\"elementor-icon-box-content\">\n\n\t\t\t\t\t\t\t\t\t<h3 class=\"elementor-icon-box-title\">\n\t\t\t\t\t\t<a href=\"https:\/\/www.senioren-union.de\/\" target=\"_blank\" >\n\t\t\t\t\t\t\tHomepage\t\t\t\t\t\t<\/a>\n\t\t\t\t\t<\/h3>\n\t\t\t\t\n\t\t\t\t\t\t\t\t\t<p class=\"elementor-icon-box-description\">\n\t\t\t\t\t\thttps:\/\/www.senioren-union.de\/\t\t\t\t\t<\/p>\n\t\t\t\t\n\t\t\t<\/div>\n\t\t\t\n\t\t<\/div>\n\t\t\t\t\t\t<\/div>\n\t\t\t\t<\/div>\n\t\t\t\t\t<\/div>\n\t\t<\/div>\n\t\t\t\t\t<\/div>\n\t\t<\/section>\n\t\t\t\t<\/div>","protected":false},"excerpt":{"rendered":"<p>Senioren Union Die Senioren-Union der CDU Deutschlands wurde am 20. April 1988 in Bonn als j\u00fcngste Vereinigung der CDU Deutschlands gegr\u00fcndet. Der Aufbau der Senioren-Union entspricht dem der CDU. Sie verf\u00fcgt deutschlandweit \u00fcber knapp 360 Kreisvereinigungen. Von den \u00fcber 54.000 zahlenden Mitgliedern sind rund 52 Prozent gleichzeitig Mitglied in der CDU. In die Senioren-Union kann [&hellip;]<\/p>\n","protected":false},"author":1,"featured_media":6961,"parent":634,"menu_order":0,"comment_status":"closed","ping_status":"closed","template":"elementor_header_footer","meta":{"footnotes":""},"class_list":["post-6940","page","type-page","status-publish","has-post-thumbnail","hentry"],"yoast_head":"<!-- This site is optimized with the Yoast SEO plugin v27.3 - https:\/\/yoast.com\/product\/yoast-seo-wordpress\/ -->\n<title>Senioren Union | CDU Meerbusch<\/title>\n<meta name=\"robots\" content=\"index, follow, max-snippet:-1, max-image-preview:large, max-video-preview:-1\" \/>\n<link rel=\"canonical\" href=\"https:\/\/cdu-meerbusch.de\/en\/partei\/vereinigungen\/senioren-union\/\" \/>\n<meta property=\"og:locale\" content=\"en_GB\" \/>\n<meta property=\"og:type\" content=\"article\" \/>\n<meta property=\"og:title\" content=\"Senioren Union | CDU Meerbusch\" \/>\n<meta property=\"og:description\" content=\"Senioren Union Die Senioren-Union der CDU Deutschlands wurde am 20. April 1988 in Bonn als j\u00fcngste Vereinigung der CDU Deutschlands gegr\u00fcndet. Der Aufbau der Senioren-Union entspricht dem der CDU. Sie verf\u00fcgt deutschlandweit \u00fcber knapp 360 Kreisvereinigungen. Von den \u00fcber 54.000 zahlenden Mitgliedern sind rund 52 Prozent gleichzeitig Mitglied in der CDU. In die Senioren-Union kann [&hellip;]\" \/>\n<meta property=\"og:url\" content=\"https:\/\/cdu-meerbusch.de\/en\/partei\/vereinigungen\/senioren-union\/\" \/>\n<meta property=\"og:site_name\" content=\"CDU Meerbusch\" \/>\n<meta property=\"article:modified_time\" content=\"2026-01-07T12:01:20+00:00\" \/>\n<meta property=\"og:image\" content=\"https:\/\/cdu-meerbusch.de\/wp-content\/uploads\/cdu-vereinigung-senioren-union.jpeg\" \/>\n\t<meta property=\"og:image:width\" content=\"512\" \/>\n\t<meta property=\"og:image:height\" content=\"512\" \/>\n\t<meta property=\"og:image:type\" content=\"image\/jpeg\" \/>\n<script type=\"application\/ld+json\" class=\"yoast-schema-graph\">{\"@context\":\"https:\\\/\\\/schema.org\",\"@graph\":[{\"@type\":\"WebPage\",\"@id\":\"https:\\\/\\\/cdu-meerbusch.de\\\/partei\\\/vereinigungen\\\/senioren-union\\\/\",\"url\":\"https:\\\/\\\/cdu-meerbusch.de\\\/partei\\\/vereinigungen\\\/senioren-union\\\/\",\"name\":\"Senioren Union | CDU Meerbusch\",\"isPartOf\":{\"@id\":\"https:\\\/\\\/cdu-meerbusch.de\\\/#website\"},\"primaryImageOfPage\":{\"@id\":\"https:\\\/\\\/cdu-meerbusch.de\\\/partei\\\/vereinigungen\\\/senioren-union\\\/#primaryimage\"},\"image\":{\"@id\":\"https:\\\/\\\/cdu-meerbusch.de\\\/partei\\\/vereinigungen\\\/senioren-union\\\/#primaryimage\"},\"thumbnailUrl\":\"https:\\\/\\\/cdu-meerbusch.de\\\/wp-content\\\/uploads\\\/cdu-vereinigung-senioren-union.jpeg\",\"datePublished\":\"2025-05-27T15:14:45+00:00\",\"dateModified\":\"2026-01-07T12:01:20+00:00\",\"breadcrumb\":{\"@id\":\"https:\\\/\\\/cdu-meerbusch.de\\\/partei\\\/vereinigungen\\\/senioren-union\\\/#breadcrumb\"},\"inLanguage\":\"en-GB\",\"potentialAction\":[{\"@type\":\"ReadAction\",\"target\":[\"https:\\\/\\\/cdu-meerbusch.de\\\/partei\\\/vereinigungen\\\/senioren-union\\\/\"]}]},{\"@type\":\"ImageObject\",\"inLanguage\":\"en-GB\",\"@id\":\"https:\\\/\\\/cdu-meerbusch.de\\\/partei\\\/vereinigungen\\\/senioren-union\\\/#primaryimage\",\"url\":\"https:\\\/\\\/cdu-meerbusch.de\\\/wp-content\\\/uploads\\\/cdu-vereinigung-senioren-union.jpeg\",\"contentUrl\":\"https:\\\/\\\/cdu-meerbusch.de\\\/wp-content\\\/uploads\\\/cdu-vereinigung-senioren-union.jpeg\",\"width\":512,\"height\":512},{\"@type\":\"BreadcrumbList\",\"@id\":\"https:\\\/\\\/cdu-meerbusch.de\\\/partei\\\/vereinigungen\\\/senioren-union\\\/#breadcrumb\",\"itemListElement\":[{\"@type\":\"ListItem\",\"position\":1,\"name\":\"Startseite\",\"item\":\"https:\\\/\\\/cdu-meerbusch.de\\\/\"},{\"@type\":\"ListItem\",\"position\":2,\"name\":\"Partei\",\"item\":\"https:\\\/\\\/cdu-meerbusch.de\\\/partei\\\/\"},{\"@type\":\"ListItem\",\"position\":3,\"name\":\"Vereinigungen\",\"item\":\"https:\\\/\\\/cdu-meerbusch.de\\\/partei\\\/vereinigungen\\\/\"},{\"@type\":\"ListItem\",\"position\":4,\"name\":\"Senioren Union\"}]},{\"@type\":\"WebSite\",\"@id\":\"https:\\\/\\\/cdu-meerbusch.de\\\/#website\",\"url\":\"https:\\\/\\\/cdu-meerbusch.de\\\/\",\"name\":\"CDU Meerbusch\",\"description\":\"gut Leben in Meerbusch\",\"publisher\":{\"@id\":\"https:\\\/\\\/cdu-meerbusch.de\\\/#organization\"},\"alternateName\":\"CDU Meerbusch\",\"potentialAction\":[{\"@type\":\"SearchAction\",\"target\":{\"@type\":\"EntryPoint\",\"urlTemplate\":\"https:\\\/\\\/cdu-meerbusch.de\\\/?s={search_term_string}\"},\"query-input\":{\"@type\":\"PropertyValueSpecification\",\"valueRequired\":true,\"valueName\":\"search_term_string\"}}],\"inLanguage\":\"en-GB\"},{\"@type\":\"Organization\",\"@id\":\"https:\\\/\\\/cdu-meerbusch.de\\\/#organization\",\"name\":\"CDU Meerbusch\",\"url\":\"https:\\\/\\\/cdu-meerbusch.de\\\/\",\"logo\":{\"@type\":\"ImageObject\",\"inLanguage\":\"en-GB\",\"@id\":\"https:\\\/\\\/cdu-meerbusch.de\\\/#\\\/schema\\\/logo\\\/image\\\/\",\"url\":\"https:\\\/\\\/cdu-meerbusch.de\\\/wp-content\\\/uploads\\\/cdu-gesamtlogo.png\",\"contentUrl\":\"https:\\\/\\\/cdu-meerbusch.de\\\/wp-content\\\/uploads\\\/cdu-gesamtlogo.png\",\"width\":418,\"height\":120,\"caption\":\"CDU Meerbusch\"},\"image\":{\"@id\":\"https:\\\/\\\/cdu-meerbusch.de\\\/#\\\/schema\\\/logo\\\/image\\\/\"}}]}<\/script>\n<!-- \/ Yoast SEO plugin. -->","yoast_head_json":{"title":"Seniors' Union | CDU Meerbusch","robots":{"index":"index","follow":"follow","max-snippet":"max-snippet:-1","max-image-preview":"max-image-preview:large","max-video-preview":"max-video-preview:-1"},"canonical":"https:\/\/cdu-meerbusch.de\/en\/partei\/vereinigungen\/senioren-union\/","og_locale":"en_GB","og_type":"article","og_title":"Senioren Union | CDU Meerbusch","og_description":"Senioren Union Die Senioren-Union der CDU Deutschlands wurde am 20. April 1988 in Bonn als j\u00fcngste Vereinigung der CDU Deutschlands gegr\u00fcndet. Der Aufbau der Senioren-Union entspricht dem der CDU. Sie verf\u00fcgt deutschlandweit \u00fcber knapp 360 Kreisvereinigungen. Von den \u00fcber 54.000 zahlenden Mitgliedern sind rund 52 Prozent gleichzeitig Mitglied in der CDU. In die Senioren-Union kann [&hellip;]","og_url":"https:\/\/cdu-meerbusch.de\/en\/partei\/vereinigungen\/senioren-union\/","og_site_name":"CDU Meerbusch","article_modified_time":"2026-01-07T12:01:20+00:00","og_image":[{"width":512,"height":512,"url":"https:\/\/cdu-meerbusch.de\/wp-content\/uploads\/cdu-vereinigung-senioren-union.jpeg","type":"image\/jpeg"}],"schema":{"@context":"https:\/\/schema.org","@graph":[{"@type":"WebPage","@id":"https:\/\/cdu-meerbusch.de\/partei\/vereinigungen\/senioren-union\/","url":"https:\/\/cdu-meerbusch.de\/partei\/vereinigungen\/senioren-union\/","name":"Seniors' Union | CDU Meerbusch","isPartOf":{"@id":"https:\/\/cdu-meerbusch.de\/#website"},"primaryImageOfPage":{"@id":"https:\/\/cdu-meerbusch.de\/partei\/vereinigungen\/senioren-union\/#primaryimage"},"image":{"@id":"https:\/\/cdu-meerbusch.de\/partei\/vereinigungen\/senioren-union\/#primaryimage"},"thumbnailUrl":"https:\/\/cdu-meerbusch.de\/wp-content\/uploads\/cdu-vereinigung-senioren-union.jpeg","datePublished":"2025-05-27T15:14:45+00:00","dateModified":"2026-01-07T12:01:20+00:00","breadcrumb":{"@id":"https:\/\/cdu-meerbusch.de\/partei\/vereinigungen\/senioren-union\/#breadcrumb"},"inLanguage":"en-GB","potentialAction":[{"@type":"ReadAction","target":["https:\/\/cdu-meerbusch.de\/partei\/vereinigungen\/senioren-union\/"]}]},{"@type":"ImageObject","inLanguage":"en-GB","@id":"https:\/\/cdu-meerbusch.de\/partei\/vereinigungen\/senioren-union\/#primaryimage","url":"https:\/\/cdu-meerbusch.de\/wp-content\/uploads\/cdu-vereinigung-senioren-union.jpeg","contentUrl":"https:\/\/cdu-meerbusch.de\/wp-content\/uploads\/cdu-vereinigung-senioren-union.jpeg","width":512,"height":512},{"@type":"BreadcrumbList","@id":"https:\/\/cdu-meerbusch.de\/partei\/vereinigungen\/senioren-union\/#breadcrumb","itemListElement":[{"@type":"ListItem","position":1,"name":"Startseite","item":"https:\/\/cdu-meerbusch.de\/"},{"@type":"ListItem","position":2,"name":"Partei","item":"https:\/\/cdu-meerbusch.de\/partei\/"},{"@type":"ListItem","position":3,"name":"Vereinigungen","item":"https:\/\/cdu-meerbusch.de\/partei\/vereinigungen\/"},{"@type":"ListItem","position":4,"name":"Senioren Union"}]},{"@type":"WebSite","@id":"https:\/\/cdu-meerbusch.de\/#website","url":"https:\/\/cdu-meerbusch.de\/","name":"CDU Meerbusch","description":"Living well in Meerbusch","publisher":{"@id":"https:\/\/cdu-meerbusch.de\/#organization"},"alternateName":"CDU Meerbusch","potentialAction":[{"@type":"SearchAction","target":{"@type":"EntryPoint","urlTemplate":"https:\/\/cdu-meerbusch.de\/?s={search_term_string}"},"query-input":{"@type":"PropertyValueSpecification","valueRequired":true,"valueName":"search_term_string"}}],"inLanguage":"en-GB"},{"@type":"Organization","@id":"https:\/\/cdu-meerbusch.de\/#organization","name":"CDU Meerbusch","url":"https:\/\/cdu-meerbusch.de\/","logo":{"@type":"ImageObject","inLanguage":"en-GB","@id":"https:\/\/cdu-meerbusch.de\/#\/schema\/logo\/image\/","url":"https:\/\/cdu-meerbusch.de\/wp-content\/uploads\/cdu-gesamtlogo.png","contentUrl":"https:\/\/cdu-meerbusch.de\/wp-content\/uploads\/cdu-gesamtlogo.png","width":418,"height":120,"caption":"CDU Meerbusch"},"image":{"@id":"https:\/\/cdu-meerbusch.de\/#\/schema\/logo\/image\/"}}]}},"_links":{"self":[{"href":"https:\/\/cdu-meerbusch.de\/en\/wp-json\/wp\/v2\/pages\/6940","targetHints":{"allow":["GET"]}}],"collection":[{"href":"https:\/\/cdu-meerbusch.de\/en\/wp-json\/wp\/v2\/pages"}],"about":[{"href":"https:\/\/cdu-meerbusch.de\/en\/wp-json\/wp\/v2\/types\/page"}],"author":[{"embeddable":true,"href":"https:\/\/cdu-meerbusch.de\/en\/wp-json\/wp\/v2\/users\/1"}],"replies":[{"embeddable":true,"href":"https:\/\/cdu-meerbusch.de\/en\/wp-json\/wp\/v2\/comments?post=6940"}],"version-history":[{"count":15,"href":"https:\/\/cdu-meerbusch.de\/en\/wp-json\/wp\/v2\/pages\/6940\/revisions"}],"predecessor-version":[{"id":7611,"href":"https:\/\/cdu-meerbusch.de\/en\/wp-json\/wp\/v2\/pages\/6940\/revisions\/7611"}],"up":[{"embeddable":true,"href":"https:\/\/cdu-meerbusch.de\/en\/wp-json\/wp\/v2\/pages\/634"}],"wp:featuredmedia":[{"embeddable":true,"href":"https:\/\/cdu-meerbusch.de\/en\/wp-json\/wp\/v2\/media\/6961"}],"wp:attachment":[{"href":"https:\/\/cdu-meerbusch.de\/en\/wp-json\/wp\/v2\/media?parent=6940"}],"curies":[{"name":"wp","href":"https:\/\/api.w.org\/{rel}","templated":true}]}}