{"id":6938,"date":"2025-05-27T17:14:28","date_gmt":"2025-05-27T15:14:28","guid":{"rendered":"https:\/\/cdu-meerbusch.de\/?page_id=6938"},"modified":"2026-01-07T12:59:12","modified_gmt":"2026-01-07T11:59:12","slug":"frauen-union","status":"publish","type":"page","link":"https:\/\/cdu-meerbusch.de\/en\/partei\/vereinigungen\/frauen-union\/","title":{"rendered":"Women's Union"},"content":{"rendered":"<div data-elementor-type=\"wp-page\" data-elementor-id=\"6938\" class=\"elementor elementor-6938\" data-elementor-post-type=\"page\">\n\t\t\t\t\t\t<section class=\"elementor-section elementor-top-section elementor-element elementor-element-9903ace elementor-section-height-min-height elementor-section-items-stretch elementor-section-boxed elementor-section-height-default\" data-id=\"9903ace\" data-element_type=\"section\" data-e-type=\"section\" data-settings=\"{&quot;background_background&quot;:&quot;classic&quot;,&quot;jet_parallax_layout_list&quot;:[]}\">\n\t\t\t\t\t\t<div class=\"elementor-container elementor-column-gap-default\">\n\t\t\t\t\t<div class=\"elementor-column elementor-col-50 elementor-top-column elementor-element elementor-element-18d034f\" data-id=\"18d034f\" data-element_type=\"column\" data-e-type=\"column\">\n\t\t\t<div class=\"elementor-widget-wrap elementor-element-populated\">\n\t\t\t\t\t\t<div class=\"elementor-element elementor-element-37e95d6 elementor-widget elementor-widget-image\" data-id=\"37e95d6\" data-element_type=\"widget\" data-e-type=\"widget\" data-widget_type=\"image.default\">\n\t\t\t\t<div class=\"elementor-widget-container\">\n\t\t\t\t\t\t\t\t\t\t\t\t\t\t\t<img fetchpriority=\"high\" decoding=\"async\" width=\"594\" height=\"562\" src=\"https:\/\/cdu-meerbusch.de\/wp-content\/uploads\/logo-fu.jpg\" class=\"attachment-medium_large size-medium_large wp-image-7114\" alt=\"\" srcset=\"https:\/\/cdu-meerbusch.de\/wp-content\/uploads\/logo-fu.jpg 594w, https:\/\/cdu-meerbusch.de\/wp-content\/uploads\/logo-fu-300x284.jpg 300w, https:\/\/cdu-meerbusch.de\/wp-content\/uploads\/logo-fu-13x12.jpg 13w\" sizes=\"(max-width: 594px) 100vw, 594px\" \/>\t\t\t\t\t\t\t\t\t\t\t\t\t\t\t<\/div>\n\t\t\t\t<\/div>\n\t\t\t\t\t<\/div>\n\t\t<\/div>\n\t\t\t\t<div class=\"elementor-column elementor-col-50 elementor-top-column elementor-element elementor-element-1303127\" data-id=\"1303127\" data-element_type=\"column\" data-e-type=\"column\">\n\t\t\t<div class=\"elementor-widget-wrap elementor-element-populated\">\n\t\t\t\t\t\t<div class=\"elementor-element elementor-element-ff944fb elementor-widget elementor-widget-heading\" data-id=\"ff944fb\" data-element_type=\"widget\" data-e-type=\"widget\" data-widget_type=\"heading.default\">\n\t\t\t\t<div class=\"elementor-widget-container\">\n\t\t\t\t\t<h1 class=\"elementor-heading-title elementor-size-default\"><span class=\"headline\">Women's Union<\/span><\/h1>\t\t\t\t<\/div>\n\t\t\t\t<\/div>\n\t\t\t\t\t<\/div>\n\t\t<\/div>\n\t\t\t\t\t<\/div>\n\t\t<\/section>\n\t\t\t\t<section class=\"elementor-section elementor-top-section elementor-element elementor-element-2e35521 elementor-section-boxed elementor-section-height-default elementor-section-height-default\" data-id=\"2e35521\" data-element_type=\"section\" data-e-type=\"section\" data-settings=\"{&quot;jet_parallax_layout_list&quot;:[]}\">\n\t\t\t\t\t\t<div class=\"elementor-container elementor-column-gap-default\">\n\t\t\t\t\t<div class=\"elementor-column elementor-col-100 elementor-top-column elementor-element elementor-element-d52fc19\" data-id=\"d52fc19\" data-element_type=\"column\" data-e-type=\"column\">\n\t\t\t<div class=\"elementor-widget-wrap elementor-element-populated\">\n\t\t\t\t\t\t<div class=\"elementor-element elementor-element-1c189e2 elementor-widget elementor-widget-text-editor\" data-id=\"1c189e2\" data-element_type=\"widget\" data-e-type=\"widget\" data-widget_type=\"text-editor.default\">\n\t\t\t\t<div class=\"elementor-widget-container\">\n\t\t\t\t\t\t\t\t\t<div class=\"elementor-element elementor-element-8310569 elementor-widget elementor-widget-heading\" data-id=\"8310569\" data-element_type=\"widget\" data-widget_type=\"heading.default\"><div class=\"elementor-widget-container\"><h2 class=\"elementor-heading-title elementor-size-default\">Our self-image<\/h2><\/div><\/div><div class=\"elementor-element elementor-element-0f6821e elementor-widget elementor-widget-text-editor\" data-id=\"0f6821e\" data-element_type=\"widget\" data-widget_type=\"text-editor.default\"><div class=\"elementor-widget-container\"><p><strong>Actual equal opportunities are our goal, equality is our aspiration and guiding principle.<\/strong><\/p><h3>Who we are:<\/h3><ul><li>We represent women's specific political concerns to political decision-making bodies.<\/li><li>We inspire even more women to actively participate in the party.<\/li><li>We ensure that women's justified claims to appropriate representation in the party's bodies are enforced.<\/li><\/ul><p>\u00a0<\/p><h3>What we do:<\/h3><ul><li>We are committed to equal opportunities in our day-to-day business.<br \/>We identify deficits and develop solutions.<\/li><li>We offer opportunities to exchange views and form networks.<\/li><li>We listen attentively and will use what we hear.<br \/>We invite you to join in.<\/li><\/ul><\/div><\/div>\t\t\t\t\t\t\t\t<\/div>\n\t\t\t\t<\/div>\n\t\t\t\t\t<\/div>\n\t\t<\/div>\n\t\t\t\t\t<\/div>\n\t\t<\/section>\n\t\t\t\t<section class=\"elementor-section elementor-top-section elementor-element elementor-element-53f5c93 elementor-section-height-min-height elementor-section-items-stretch elementor-section-content-top elementor-section-boxed elementor-section-height-default\" data-id=\"53f5c93\" data-element_type=\"section\" data-e-type=\"section\" data-settings=\"{&quot;background_background&quot;:&quot;classic&quot;,&quot;jet_parallax_layout_list&quot;:[]}\">\n\t\t\t\t\t\t<div class=\"elementor-container elementor-column-gap-default\">\n\t\t\t\t\t<div class=\"elementor-column elementor-col-33 elementor-top-column elementor-element elementor-element-86fab80\" data-id=\"86fab80\" data-element_type=\"column\" data-e-type=\"column\">\n\t\t\t<div class=\"elementor-widget-wrap elementor-element-populated\">\n\t\t\t\t\t\t<div class=\"elementor-element elementor-element-1c6f699 elementor-view-stacked elementor-position-inline-start elementor-shape-circle elementor-mobile-position-block-start elementor-widget elementor-widget-icon-box\" data-id=\"1c6f699\" data-element_type=\"widget\" data-e-type=\"widget\" data-widget_type=\"icon-box.default\">\n\t\t\t\t<div class=\"elementor-widget-container\">\n\t\t\t\t\t\t\t<div class=\"elementor-icon-box-wrapper\">\n\n\t\t\t\t\t\t<div class=\"elementor-icon-box-icon\">\n\t\t\t\t<span  class=\"elementor-icon\">\n\t\t\t\t<i aria-hidden=\"true\" class=\"fas fa-user\"><\/i>\t\t\t\t<\/span>\n\t\t\t<\/div>\n\t\t\t\n\t\t\t\t\t\t<div class=\"elementor-icon-box-content\">\n\n\t\t\t\t\t\t\t\t\t<h3 class=\"elementor-icon-box-title\">\n\t\t\t\t\t\t<span  >\n\t\t\t\t\t\t\tContact person\t\t\t\t\t\t<\/span>\n\t\t\t\t\t<\/h3>\n\t\t\t\t\n\t\t\t\t\t\t\t\t\t<p class=\"elementor-icon-box-description\">\n\t\t\t\t\t\tSarah Kohtes\t\t\t\t\t<\/p>\n\t\t\t\t\n\t\t\t<\/div>\n\t\t\t\n\t\t<\/div>\n\t\t\t\t\t\t<\/div>\n\t\t\t\t<\/div>\n\t\t\t\t\t<\/div>\n\t\t<\/div>\n\t\t\t\t<div class=\"elementor-column elementor-col-33 elementor-top-column elementor-element elementor-element-b77cd65\" data-id=\"b77cd65\" data-element_type=\"column\" data-e-type=\"column\">\n\t\t\t<div class=\"elementor-widget-wrap elementor-element-populated\">\n\t\t\t\t\t\t<div class=\"elementor-element elementor-element-1f5cd36 elementor-view-stacked elementor-position-inline-start elementor-shape-circle elementor-mobile-position-block-start elementor-widget elementor-widget-icon-box\" data-id=\"1f5cd36\" data-element_type=\"widget\" data-e-type=\"widget\" data-widget_type=\"icon-box.default\">\n\t\t\t\t<div class=\"elementor-widget-container\">\n\t\t\t\t\t\t\t<div class=\"elementor-icon-box-wrapper\">\n\n\t\t\t\t\t\t<div class=\"elementor-icon-box-icon\">\n\t\t\t\t<a href=\"mailto:Sarah.Kothes@web.de\" class=\"elementor-icon\" tabindex=\"-1\" aria-label=\"e-mail\">\n\t\t\t\t<i aria-hidden=\"true\" class=\"fas fa-envelope\"><\/i>\t\t\t\t<\/a>\n\t\t\t<\/div>\n\t\t\t\n\t\t\t\t\t\t<div class=\"elementor-icon-box-content\">\n\n\t\t\t\t\t\t\t\t\t<h3 class=\"elementor-icon-box-title\">\n\t\t\t\t\t\t<a href=\"mailto:Sarah.Kothes@web.de\" >\n\t\t\t\t\t\t\te-mail\t\t\t\t\t\t<\/a>\n\t\t\t\t\t<\/h3>\n\t\t\t\t\n\t\t\t\t\t\t\t\t\t<p class=\"elementor-icon-box-description\">\n\t\t\t\t\t\tKohtes@cdu-meerbusch.de\t\t\t\t\t<\/p>\n\t\t\t\t\n\t\t\t<\/div>\n\t\t\t\n\t\t<\/div>\n\t\t\t\t\t\t<\/div>\n\t\t\t\t<\/div>\n\t\t\t\t\t<\/div>\n\t\t<\/div>\n\t\t\t\t<div class=\"elementor-column elementor-col-33 elementor-top-column elementor-element elementor-element-a115038\" data-id=\"a115038\" data-element_type=\"column\" data-e-type=\"column\">\n\t\t\t<div class=\"elementor-widget-wrap elementor-element-populated\">\n\t\t\t\t\t\t<div class=\"elementor-element elementor-element-a3aa647 elementor-view-stacked elementor-position-inline-start elementor-shape-circle elementor-mobile-position-block-start elementor-widget elementor-widget-icon-box\" data-id=\"a3aa647\" data-element_type=\"widget\" data-e-type=\"widget\" data-widget_type=\"icon-box.default\">\n\t\t\t\t<div class=\"elementor-widget-container\">\n\t\t\t\t\t\t\t<div class=\"elementor-icon-box-wrapper\">\n\n\t\t\t\t\t\t<div class=\"elementor-icon-box-icon\">\n\t\t\t\t<a href=\"https:\/\/www.frauenunion.de\/\" target=\"_blank\" rel=\"nofollow\" class=\"elementor-icon\" tabindex=\"-1\" aria-label=\"Homepage\">\n\t\t\t\t<i aria-hidden=\"true\" class=\"fas fa-home\"><\/i>\t\t\t\t<\/a>\n\t\t\t<\/div>\n\t\t\t\n\t\t\t\t\t\t<div class=\"elementor-icon-box-content\">\n\n\t\t\t\t\t\t\t\t\t<h3 class=\"elementor-icon-box-title\">\n\t\t\t\t\t\t<a href=\"https:\/\/www.frauenunion.de\/\" target=\"_blank\" rel=\"nofollow\" >\n\t\t\t\t\t\t\tHomepage\t\t\t\t\t\t<\/a>\n\t\t\t\t\t<\/h3>\n\t\t\t\t\n\t\t\t\t\t\t\t\t\t<p class=\"elementor-icon-box-description\">\n\t\t\t\t\t\t<span>https:\/\/www.frauenunion.de\/<\/span>\t\t\t\t\t<\/p>\n\t\t\t\t\n\t\t\t<\/div>\n\t\t\t\n\t\t<\/div>\n\t\t\t\t\t\t<\/div>\n\t\t\t\t<\/div>\n\t\t\t\t\t<\/div>\n\t\t<\/div>\n\t\t\t\t\t<\/div>\n\t\t<\/section>\n\t\t\t\t<\/div>","protected":false},"excerpt":{"rendered":"<p>Frauen Union Unser Selbstverst\u00e4ndnis Tats\u00e4chliche Chancengleichheit ist unser Ziel, Gleichberechtigung f\u00fcr uns Anspruch und Richtschnur. Wer wir sind: Wir vertreten die frauenspezifischen politischen Anliegen gegen\u00fcber politischen Entscheidungsgremien. Wir begeistern noch mehr Frauen zu aktiver Mitarbeit in der Partei. Wir achten darauf, dass die berechtigten Anspr\u00fcche der Frauen auf angemessene Vertretung in den Organen der Partei [&hellip;]<\/p>\n","protected":false},"author":1,"featured_media":7114,"parent":634,"menu_order":0,"comment_status":"closed","ping_status":"closed","template":"elementor_header_footer","meta":{"footnotes":""},"class_list":["post-6938","page","type-page","status-publish","has-post-thumbnail","hentry"],"yoast_head":"<!-- This site is optimized with the Yoast SEO plugin v27.4 - https:\/\/yoast.com\/product\/yoast-seo-wordpress\/ -->\n<title>Frauen Union | CDU Meerbusch<\/title>\n<meta name=\"robots\" content=\"index, follow, max-snippet:-1, max-image-preview:large, max-video-preview:-1\" \/>\n<link rel=\"canonical\" href=\"https:\/\/cdu-meerbusch.de\/en\/partei\/vereinigungen\/frauen-union\/\" \/>\n<meta property=\"og:locale\" content=\"en_GB\" \/>\n<meta property=\"og:type\" content=\"article\" \/>\n<meta property=\"og:title\" content=\"Frauen Union | CDU Meerbusch\" \/>\n<meta property=\"og:description\" content=\"Frauen Union Unser Selbstverst\u00e4ndnis Tats\u00e4chliche Chancengleichheit ist unser Ziel, Gleichberechtigung f\u00fcr uns Anspruch und Richtschnur. Wer wir sind: Wir vertreten die frauenspezifischen politischen Anliegen gegen\u00fcber politischen Entscheidungsgremien. Wir begeistern noch mehr Frauen zu aktiver Mitarbeit in der Partei. Wir achten darauf, dass die berechtigten Anspr\u00fcche der Frauen auf angemessene Vertretung in den Organen der Partei [&hellip;]\" \/>\n<meta property=\"og:url\" content=\"https:\/\/cdu-meerbusch.de\/en\/partei\/vereinigungen\/frauen-union\/\" \/>\n<meta property=\"og:site_name\" content=\"CDU Meerbusch\" \/>\n<meta property=\"article:modified_time\" content=\"2026-01-07T11:59:12+00:00\" \/>\n<meta property=\"og:image\" content=\"https:\/\/cdu-meerbusch.de\/wp-content\/uploads\/logo-fu.jpg\" \/>\n\t<meta property=\"og:image:width\" content=\"594\" \/>\n\t<meta property=\"og:image:height\" content=\"562\" \/>\n\t<meta property=\"og:image:type\" content=\"image\/jpeg\" \/>\n<script type=\"application\/ld+json\" class=\"yoast-schema-graph\">{\"@context\":\"https:\\\/\\\/schema.org\",\"@graph\":[{\"@type\":\"WebPage\",\"@id\":\"https:\\\/\\\/cdu-meerbusch.de\\\/partei\\\/vereinigungen\\\/frauen-union\\\/\",\"url\":\"https:\\\/\\\/cdu-meerbusch.de\\\/partei\\\/vereinigungen\\\/frauen-union\\\/\",\"name\":\"Frauen Union | CDU Meerbusch\",\"isPartOf\":{\"@id\":\"https:\\\/\\\/cdu-meerbusch.de\\\/#website\"},\"primaryImageOfPage\":{\"@id\":\"https:\\\/\\\/cdu-meerbusch.de\\\/partei\\\/vereinigungen\\\/frauen-union\\\/#primaryimage\"},\"image\":{\"@id\":\"https:\\\/\\\/cdu-meerbusch.de\\\/partei\\\/vereinigungen\\\/frauen-union\\\/#primaryimage\"},\"thumbnailUrl\":\"https:\\\/\\\/cdu-meerbusch.de\\\/wp-content\\\/uploads\\\/logo-fu.jpg\",\"datePublished\":\"2025-05-27T15:14:28+00:00\",\"dateModified\":\"2026-01-07T11:59:12+00:00\",\"breadcrumb\":{\"@id\":\"https:\\\/\\\/cdu-meerbusch.de\\\/partei\\\/vereinigungen\\\/frauen-union\\\/#breadcrumb\"},\"inLanguage\":\"en-GB\",\"potentialAction\":[{\"@type\":\"ReadAction\",\"target\":[\"https:\\\/\\\/cdu-meerbusch.de\\\/partei\\\/vereinigungen\\\/frauen-union\\\/\"]}]},{\"@type\":\"ImageObject\",\"inLanguage\":\"en-GB\",\"@id\":\"https:\\\/\\\/cdu-meerbusch.de\\\/partei\\\/vereinigungen\\\/frauen-union\\\/#primaryimage\",\"url\":\"https:\\\/\\\/cdu-meerbusch.de\\\/wp-content\\\/uploads\\\/logo-fu.jpg\",\"contentUrl\":\"https:\\\/\\\/cdu-meerbusch.de\\\/wp-content\\\/uploads\\\/logo-fu.jpg\",\"width\":594,\"height\":562},{\"@type\":\"BreadcrumbList\",\"@id\":\"https:\\\/\\\/cdu-meerbusch.de\\\/partei\\\/vereinigungen\\\/frauen-union\\\/#breadcrumb\",\"itemListElement\":[{\"@type\":\"ListItem\",\"position\":1,\"name\":\"Startseite\",\"item\":\"https:\\\/\\\/cdu-meerbusch.de\\\/\"},{\"@type\":\"ListItem\",\"position\":2,\"name\":\"Partei\",\"item\":\"https:\\\/\\\/cdu-meerbusch.de\\\/partei\\\/\"},{\"@type\":\"ListItem\",\"position\":3,\"name\":\"Vereinigungen\",\"item\":\"https:\\\/\\\/cdu-meerbusch.de\\\/partei\\\/vereinigungen\\\/\"},{\"@type\":\"ListItem\",\"position\":4,\"name\":\"Frauen Union\"}]},{\"@type\":\"WebSite\",\"@id\":\"https:\\\/\\\/cdu-meerbusch.de\\\/#website\",\"url\":\"https:\\\/\\\/cdu-meerbusch.de\\\/\",\"name\":\"CDU Meerbusch\",\"description\":\"gut Leben in Meerbusch\",\"publisher\":{\"@id\":\"https:\\\/\\\/cdu-meerbusch.de\\\/#organization\"},\"alternateName\":\"CDU Meerbusch\",\"potentialAction\":[{\"@type\":\"SearchAction\",\"target\":{\"@type\":\"EntryPoint\",\"urlTemplate\":\"https:\\\/\\\/cdu-meerbusch.de\\\/?s={search_term_string}\"},\"query-input\":{\"@type\":\"PropertyValueSpecification\",\"valueRequired\":true,\"valueName\":\"search_term_string\"}}],\"inLanguage\":\"en-GB\"},{\"@type\":\"Organization\",\"@id\":\"https:\\\/\\\/cdu-meerbusch.de\\\/#organization\",\"name\":\"CDU Meerbusch\",\"url\":\"https:\\\/\\\/cdu-meerbusch.de\\\/\",\"logo\":{\"@type\":\"ImageObject\",\"inLanguage\":\"en-GB\",\"@id\":\"https:\\\/\\\/cdu-meerbusch.de\\\/#\\\/schema\\\/logo\\\/image\\\/\",\"url\":\"https:\\\/\\\/cdu-meerbusch.de\\\/wp-content\\\/uploads\\\/cdu-gesamtlogo.png\",\"contentUrl\":\"https:\\\/\\\/cdu-meerbusch.de\\\/wp-content\\\/uploads\\\/cdu-gesamtlogo.png\",\"width\":418,\"height\":120,\"caption\":\"CDU Meerbusch\"},\"image\":{\"@id\":\"https:\\\/\\\/cdu-meerbusch.de\\\/#\\\/schema\\\/logo\\\/image\\\/\"}}]}<\/script>\n<!-- \/ Yoast SEO plugin. -->","yoast_head_json":{"title":"Women's Union | CDU Meerbusch","robots":{"index":"index","follow":"follow","max-snippet":"max-snippet:-1","max-image-preview":"max-image-preview:large","max-video-preview":"max-video-preview:-1"},"canonical":"https:\/\/cdu-meerbusch.de\/en\/partei\/vereinigungen\/frauen-union\/","og_locale":"en_GB","og_type":"article","og_title":"Frauen Union | CDU Meerbusch","og_description":"Frauen Union Unser Selbstverst\u00e4ndnis Tats\u00e4chliche Chancengleichheit ist unser Ziel, Gleichberechtigung f\u00fcr uns Anspruch und Richtschnur. Wer wir sind: Wir vertreten die frauenspezifischen politischen Anliegen gegen\u00fcber politischen Entscheidungsgremien. Wir begeistern noch mehr Frauen zu aktiver Mitarbeit in der Partei. Wir achten darauf, dass die berechtigten Anspr\u00fcche der Frauen auf angemessene Vertretung in den Organen der Partei [&hellip;]","og_url":"https:\/\/cdu-meerbusch.de\/en\/partei\/vereinigungen\/frauen-union\/","og_site_name":"CDU Meerbusch","article_modified_time":"2026-01-07T11:59:12+00:00","og_image":[{"width":594,"height":562,"url":"https:\/\/cdu-meerbusch.de\/wp-content\/uploads\/logo-fu.jpg","type":"image\/jpeg"}],"schema":{"@context":"https:\/\/schema.org","@graph":[{"@type":"WebPage","@id":"https:\/\/cdu-meerbusch.de\/partei\/vereinigungen\/frauen-union\/","url":"https:\/\/cdu-meerbusch.de\/partei\/vereinigungen\/frauen-union\/","name":"Women's Union | CDU Meerbusch","isPartOf":{"@id":"https:\/\/cdu-meerbusch.de\/#website"},"primaryImageOfPage":{"@id":"https:\/\/cdu-meerbusch.de\/partei\/vereinigungen\/frauen-union\/#primaryimage"},"image":{"@id":"https:\/\/cdu-meerbusch.de\/partei\/vereinigungen\/frauen-union\/#primaryimage"},"thumbnailUrl":"https:\/\/cdu-meerbusch.de\/wp-content\/uploads\/logo-fu.jpg","datePublished":"2025-05-27T15:14:28+00:00","dateModified":"2026-01-07T11:59:12+00:00","breadcrumb":{"@id":"https:\/\/cdu-meerbusch.de\/partei\/vereinigungen\/frauen-union\/#breadcrumb"},"inLanguage":"en-GB","potentialAction":[{"@type":"ReadAction","target":["https:\/\/cdu-meerbusch.de\/partei\/vereinigungen\/frauen-union\/"]}]},{"@type":"ImageObject","inLanguage":"en-GB","@id":"https:\/\/cdu-meerbusch.de\/partei\/vereinigungen\/frauen-union\/#primaryimage","url":"https:\/\/cdu-meerbusch.de\/wp-content\/uploads\/logo-fu.jpg","contentUrl":"https:\/\/cdu-meerbusch.de\/wp-content\/uploads\/logo-fu.jpg","width":594,"height":562},{"@type":"BreadcrumbList","@id":"https:\/\/cdu-meerbusch.de\/partei\/vereinigungen\/frauen-union\/#breadcrumb","itemListElement":[{"@type":"ListItem","position":1,"name":"Startseite","item":"https:\/\/cdu-meerbusch.de\/"},{"@type":"ListItem","position":2,"name":"Partei","item":"https:\/\/cdu-meerbusch.de\/partei\/"},{"@type":"ListItem","position":3,"name":"Vereinigungen","item":"https:\/\/cdu-meerbusch.de\/partei\/vereinigungen\/"},{"@type":"ListItem","position":4,"name":"Frauen Union"}]},{"@type":"WebSite","@id":"https:\/\/cdu-meerbusch.de\/#website","url":"https:\/\/cdu-meerbusch.de\/","name":"CDU Meerbusch","description":"Living well in Meerbusch","publisher":{"@id":"https:\/\/cdu-meerbusch.de\/#organization"},"alternateName":"CDU Meerbusch","potentialAction":[{"@type":"SearchAction","target":{"@type":"EntryPoint","urlTemplate":"https:\/\/cdu-meerbusch.de\/?s={search_term_string}"},"query-input":{"@type":"PropertyValueSpecification","valueRequired":true,"valueName":"search_term_string"}}],"inLanguage":"en-GB"},{"@type":"Organization","@id":"https:\/\/cdu-meerbusch.de\/#organization","name":"CDU Meerbusch","url":"https:\/\/cdu-meerbusch.de\/","logo":{"@type":"ImageObject","inLanguage":"en-GB","@id":"https:\/\/cdu-meerbusch.de\/#\/schema\/logo\/image\/","url":"https:\/\/cdu-meerbusch.de\/wp-content\/uploads\/cdu-gesamtlogo.png","contentUrl":"https:\/\/cdu-meerbusch.de\/wp-content\/uploads\/cdu-gesamtlogo.png","width":418,"height":120,"caption":"CDU Meerbusch"},"image":{"@id":"https:\/\/cdu-meerbusch.de\/#\/schema\/logo\/image\/"}}]}},"_links":{"self":[{"href":"https:\/\/cdu-meerbusch.de\/en\/wp-json\/wp\/v2\/pages\/6938","targetHints":{"allow":["GET"]}}],"collection":[{"href":"https:\/\/cdu-meerbusch.de\/en\/wp-json\/wp\/v2\/pages"}],"about":[{"href":"https:\/\/cdu-meerbusch.de\/en\/wp-json\/wp\/v2\/types\/page"}],"author":[{"embeddable":true,"href":"https:\/\/cdu-meerbusch.de\/en\/wp-json\/wp\/v2\/users\/1"}],"replies":[{"embeddable":true,"href":"https:\/\/cdu-meerbusch.de\/en\/wp-json\/wp\/v2\/comments?post=6938"}],"version-history":[{"count":27,"href":"https:\/\/cdu-meerbusch.de\/en\/wp-json\/wp\/v2\/pages\/6938\/revisions"}],"predecessor-version":[{"id":7602,"href":"https:\/\/cdu-meerbusch.de\/en\/wp-json\/wp\/v2\/pages\/6938\/revisions\/7602"}],"up":[{"embeddable":true,"href":"https:\/\/cdu-meerbusch.de\/en\/wp-json\/wp\/v2\/pages\/634"}],"wp:featuredmedia":[{"embeddable":true,"href":"https:\/\/cdu-meerbusch.de\/en\/wp-json\/wp\/v2\/media\/7114"}],"wp:attachment":[{"href":"https:\/\/cdu-meerbusch.de\/en\/wp-json\/wp\/v2\/media?parent=6938"}],"curies":[{"name":"wp","href":"https:\/\/api.w.org\/{rel}","templated":true}]}}