{"id":684,"date":"2024-05-07T09:27:48","date_gmt":"2024-05-07T07:27:48","guid":{"rendered":"http:\/\/cdu-meerbusch.de\/?page_id=684"},"modified":"2025-05-21T16:12:35","modified_gmt":"2025-05-21T14:12:35","slug":"spenden","status":"publish","type":"page","link":"https:\/\/cdu-meerbusch.de\/en\/service\/spenden\/","title":{"rendered":"Donations"},"content":{"rendered":"<div data-elementor-type=\"wp-page\" data-elementor-id=\"684\" class=\"elementor elementor-684\" data-elementor-post-type=\"page\">\n\t\t\t\t\t\t<section class=\"elementor-section elementor-top-section elementor-element elementor-element-681c9bf elementor-section-boxed elementor-section-height-default elementor-section-height-default\" data-id=\"681c9bf\" data-element_type=\"section\" data-e-type=\"section\" data-settings=\"{&quot;jet_parallax_layout_list&quot;:[]}\">\n\t\t\t\t\t\t<div class=\"elementor-container elementor-column-gap-default\">\n\t\t\t\t\t<div class=\"elementor-column elementor-col-100 elementor-top-column elementor-element elementor-element-da1968f\" data-id=\"da1968f\" data-element_type=\"column\" data-e-type=\"column\">\n\t\t\t<div class=\"elementor-widget-wrap elementor-element-populated\">\n\t\t\t\t\t\t<div class=\"elementor-element elementor-element-e90583d elementor-widget elementor-widget-heading\" data-id=\"e90583d\" data-element_type=\"widget\" data-e-type=\"widget\" data-widget_type=\"heading.default\">\n\t\t\t\t<div class=\"elementor-widget-container\">\n\t\t\t\t\t<h2 class=\"elementor-heading-title elementor-size-default\">Every euro counts<\/h2>\t\t\t\t<\/div>\n\t\t\t\t<\/div>\n\t\t\t\t<div class=\"elementor-element elementor-element-d4b11e0 elementor-widget elementor-widget-heading\" data-id=\"d4b11e0\" data-element_type=\"widget\" data-e-type=\"widget\" data-widget_type=\"heading.default\">\n\t\t\t\t<div class=\"elementor-widget-container\">\n\t\t\t\t\t<h3 class=\"elementor-heading-title elementor-size-default\">Your support for Meerbusch<\/h3>\t\t\t\t<\/div>\n\t\t\t\t<\/div>\n\t\t\t\t<div class=\"elementor-element elementor-element-444525b elementor-widget elementor-widget-text-editor\" data-id=\"444525b\" data-element_type=\"widget\" data-e-type=\"widget\" data-widget_type=\"text-editor.default\">\n\t\t\t\t<div class=\"elementor-widget-container\">\n\t\t\t\t\t\t\t\t\t<p>Political involvement at local level is always voluntary - and we as the CDU Meerbusch finance our work exclusively through membership fees and donations.<\/p><p>We rely on your support so that we can continue to actively shape, promote ideas and realise projects for our city. Every contribution helps - whether as a one-off donation, regular support or a legacy donation.<\/p><p><strong>Thank you for making Meerbusch strong together with us.<\/strong><\/p><p>For donations of 30 euros or more, we will of course issue you with a donation receipt. Please remember to include your full address.<\/p>\t\t\t\t\t\t\t\t<\/div>\n\t\t\t\t<\/div>\n\t\t\t\t<div class=\"elementor-element elementor-element-a6ecc7b elementor-widget elementor-widget-template\" data-id=\"a6ecc7b\" data-element_type=\"widget\" data-e-type=\"widget\" data-widget_type=\"template.default\">\n\t\t\t\t<div class=\"elementor-widget-container\">\n\t\t\t\t\t\t\t<div class=\"elementor-template\">\n\t\t\t\t\t<div data-elementor-type=\"section\" data-elementor-id=\"2474\" class=\"elementor elementor-2474\" data-elementor-post-type=\"elementor_library\">\n\t\t\t\t\t<section class=\"elementor-section elementor-inner-section elementor-element elementor-element-48b79b4e elementor-section-boxed elementor-section-height-default elementor-section-height-default\" data-id=\"48b79b4e\" data-element_type=\"section\" data-e-type=\"section\" data-settings=\"{&quot;jet_parallax_layout_list&quot;:[]}\">\n\t\t\t\t\t\t<div class=\"elementor-container elementor-column-gap-default\">\n\t\t\t\t\t<div class=\"elementor-column elementor-col-100 elementor-inner-column elementor-element elementor-element-6a86ae04\" data-id=\"6a86ae04\" data-element_type=\"column\" data-e-type=\"column\" data-settings=\"{&quot;background_background&quot;:&quot;classic&quot;}\">\n\t\t\t<div class=\"elementor-widget-wrap elementor-element-populated\">\n\t\t\t\t\t\t<div class=\"elementor-element elementor-element-4ab83d9 elementor-widget__width-auto elementor-widget elementor-widget-heading\" data-id=\"4ab83d9\" data-element_type=\"widget\" data-e-type=\"widget\" data-widget_type=\"heading.default\">\n\t\t\t\t<div class=\"elementor-widget-container\">\n\t\t\t\t\t<h3 class=\"elementor-heading-title elementor-size-default\">Donation account<\/h3>\t\t\t\t<\/div>\n\t\t\t\t<\/div>\n\t\t\t\t<div class=\"elementor-element elementor-element-e5e569f elementor-widget elementor-widget-text-editor\" data-id=\"e5e569f\" data-element_type=\"widget\" data-e-type=\"widget\" data-widget_type=\"text-editor.default\">\n\t\t\t\t<div class=\"elementor-widget-container\">\n\t\t\t\t\t\t\t\t\t<h4>Volksbank M\u00f6nchengladbach<\/h4><p><strong>IBAN:<\/strong>\u00a0DE74 3106 0517 0060 2680 10<br \/><strong>Account holder:<\/strong> CDU city association Meerbusch<\/p>\t\t\t\t\t\t\t\t<\/div>\n\t\t\t\t<\/div>\n\t\t\t\t\t<\/div>\n\t\t<\/div>\n\t\t\t\t\t<\/div>\n\t\t<\/section>\n\t\t\t\t<\/div>\n\t\t\t\t<\/div>\n\t\t\t\t\t\t<\/div>\n\t\t\t\t<\/div>\n\t\t\t\t\t<\/div>\n\t\t<\/div>\n\t\t\t\t\t<\/div>\n\t\t<\/section>\n\t\t\t\t<\/div>","protected":false},"excerpt":{"rendered":"<p>Jeder Euro z\u00e4hlt Ihre Unterst\u00fctzung f\u00fcr Meerbusch Politisches Engagement auf kommunaler Ebene ist immer ehrenamtlich \u2013 und wir als CDU Meerbusch finanzieren unsere Arbeit ausschlie\u00dflich \u00fcber Mitgliedsbeitr\u00e4ge und Spenden. Damit wir weiterhin aktiv gestalten, Ideen voranbringen und Projekte f\u00fcr unsere Stadt umsetzen k\u00f6nnen, sind wir auf Ihre Unterst\u00fctzung angewiesen. Jeder Beitrag hilft \u2013 ob als [&hellip;]<\/p>\n","protected":false},"author":1,"featured_media":6613,"parent":654,"menu_order":0,"comment_status":"closed","ping_status":"closed","template":"","meta":{"footnotes":""},"class_list":["post-684","page","type-page","status-publish","has-post-thumbnail","hentry"],"yoast_head":"<!-- This site is optimized with the Yoast SEO plugin v27.3 - https:\/\/yoast.com\/product\/yoast-seo-wordpress\/ -->\n<title>Spenden | CDU Meerbusch<\/title>\n<meta name=\"robots\" content=\"index, follow, max-snippet:-1, max-image-preview:large, max-video-preview:-1\" \/>\n<link rel=\"canonical\" href=\"https:\/\/cdu-meerbusch.de\/en\/service\/spenden\/\" \/>\n<meta property=\"og:locale\" content=\"en_GB\" \/>\n<meta property=\"og:type\" content=\"article\" \/>\n<meta property=\"og:title\" content=\"Spenden | CDU Meerbusch\" \/>\n<meta property=\"og:description\" content=\"Jeder Euro z\u00e4hlt Ihre Unterst\u00fctzung f\u00fcr Meerbusch Politisches Engagement auf kommunaler Ebene ist immer ehrenamtlich \u2013 und wir als CDU Meerbusch finanzieren unsere Arbeit ausschlie\u00dflich \u00fcber Mitgliedsbeitr\u00e4ge und Spenden. Damit wir weiterhin aktiv gestalten, Ideen voranbringen und Projekte f\u00fcr unsere Stadt umsetzen k\u00f6nnen, sind wir auf Ihre Unterst\u00fctzung angewiesen. Jeder Beitrag hilft \u2013 ob als [&hellip;]\" \/>\n<meta property=\"og:url\" content=\"https:\/\/cdu-meerbusch.de\/en\/service\/spenden\/\" \/>\n<meta property=\"og:site_name\" content=\"CDU Meerbusch\" \/>\n<meta property=\"article:modified_time\" content=\"2025-05-21T14:12:35+00:00\" \/>\n<meta property=\"og:image\" content=\"https:\/\/cdu-meerbusch.de\/wp-content\/uploads\/cdu-meerbusch.jpg\" \/>\n\t<meta property=\"og:image:width\" content=\"1400\" \/>\n\t<meta property=\"og:image:height\" content=\"933\" \/>\n\t<meta property=\"og:image:type\" content=\"image\/jpeg\" \/>\n<script type=\"application\/ld+json\" class=\"yoast-schema-graph\">{\"@context\":\"https:\\\/\\\/schema.org\",\"@graph\":[{\"@type\":\"WebPage\",\"@id\":\"https:\\\/\\\/cdu-meerbusch.de\\\/service\\\/spenden\\\/\",\"url\":\"https:\\\/\\\/cdu-meerbusch.de\\\/service\\\/spenden\\\/\",\"name\":\"Spenden | CDU Meerbusch\",\"isPartOf\":{\"@id\":\"https:\\\/\\\/cdu-meerbusch.de\\\/#website\"},\"primaryImageOfPage\":{\"@id\":\"https:\\\/\\\/cdu-meerbusch.de\\\/service\\\/spenden\\\/#primaryimage\"},\"image\":{\"@id\":\"https:\\\/\\\/cdu-meerbusch.de\\\/service\\\/spenden\\\/#primaryimage\"},\"thumbnailUrl\":\"https:\\\/\\\/cdu-meerbusch.de\\\/wp-content\\\/uploads\\\/cdu-meerbusch.jpg\",\"datePublished\":\"2024-05-07T07:27:48+00:00\",\"dateModified\":\"2025-05-21T14:12:35+00:00\",\"breadcrumb\":{\"@id\":\"https:\\\/\\\/cdu-meerbusch.de\\\/service\\\/spenden\\\/#breadcrumb\"},\"inLanguage\":\"en-GB\",\"potentialAction\":[{\"@type\":\"ReadAction\",\"target\":[\"https:\\\/\\\/cdu-meerbusch.de\\\/service\\\/spenden\\\/\"]}]},{\"@type\":\"ImageObject\",\"inLanguage\":\"en-GB\",\"@id\":\"https:\\\/\\\/cdu-meerbusch.de\\\/service\\\/spenden\\\/#primaryimage\",\"url\":\"https:\\\/\\\/cdu-meerbusch.de\\\/wp-content\\\/uploads\\\/cdu-meerbusch.jpg\",\"contentUrl\":\"https:\\\/\\\/cdu-meerbusch.de\\\/wp-content\\\/uploads\\\/cdu-meerbusch.jpg\",\"width\":1400,\"height\":933},{\"@type\":\"BreadcrumbList\",\"@id\":\"https:\\\/\\\/cdu-meerbusch.de\\\/service\\\/spenden\\\/#breadcrumb\",\"itemListElement\":[{\"@type\":\"ListItem\",\"position\":1,\"name\":\"Startseite\",\"item\":\"https:\\\/\\\/cdu-meerbusch.de\\\/\"},{\"@type\":\"ListItem\",\"position\":2,\"name\":\"Service\",\"item\":\"https:\\\/\\\/cdu-meerbusch.de\\\/service\\\/\"},{\"@type\":\"ListItem\",\"position\":3,\"name\":\"Spenden\"}]},{\"@type\":\"WebSite\",\"@id\":\"https:\\\/\\\/cdu-meerbusch.de\\\/#website\",\"url\":\"https:\\\/\\\/cdu-meerbusch.de\\\/\",\"name\":\"CDU Meerbusch\",\"description\":\"gut Leben in Meerbusch\",\"publisher\":{\"@id\":\"https:\\\/\\\/cdu-meerbusch.de\\\/#organization\"},\"alternateName\":\"CDU Meerbusch\",\"potentialAction\":[{\"@type\":\"SearchAction\",\"target\":{\"@type\":\"EntryPoint\",\"urlTemplate\":\"https:\\\/\\\/cdu-meerbusch.de\\\/?s={search_term_string}\"},\"query-input\":{\"@type\":\"PropertyValueSpecification\",\"valueRequired\":true,\"valueName\":\"search_term_string\"}}],\"inLanguage\":\"en-GB\"},{\"@type\":\"Organization\",\"@id\":\"https:\\\/\\\/cdu-meerbusch.de\\\/#organization\",\"name\":\"CDU Meerbusch\",\"url\":\"https:\\\/\\\/cdu-meerbusch.de\\\/\",\"logo\":{\"@type\":\"ImageObject\",\"inLanguage\":\"en-GB\",\"@id\":\"https:\\\/\\\/cdu-meerbusch.de\\\/#\\\/schema\\\/logo\\\/image\\\/\",\"url\":\"https:\\\/\\\/cdu-meerbusch.de\\\/wp-content\\\/uploads\\\/cdu-gesamtlogo.png\",\"contentUrl\":\"https:\\\/\\\/cdu-meerbusch.de\\\/wp-content\\\/uploads\\\/cdu-gesamtlogo.png\",\"width\":418,\"height\":120,\"caption\":\"CDU Meerbusch\"},\"image\":{\"@id\":\"https:\\\/\\\/cdu-meerbusch.de\\\/#\\\/schema\\\/logo\\\/image\\\/\"}}]}<\/script>\n<!-- \/ Yoast SEO plugin. -->","yoast_head_json":{"title":"Donations | CDU Meerbusch","robots":{"index":"index","follow":"follow","max-snippet":"max-snippet:-1","max-image-preview":"max-image-preview:large","max-video-preview":"max-video-preview:-1"},"canonical":"https:\/\/cdu-meerbusch.de\/en\/service\/spenden\/","og_locale":"en_GB","og_type":"article","og_title":"Spenden | CDU Meerbusch","og_description":"Jeder Euro z\u00e4hlt Ihre Unterst\u00fctzung f\u00fcr Meerbusch Politisches Engagement auf kommunaler Ebene ist immer ehrenamtlich \u2013 und wir als CDU Meerbusch finanzieren unsere Arbeit ausschlie\u00dflich \u00fcber Mitgliedsbeitr\u00e4ge und Spenden. Damit wir weiterhin aktiv gestalten, Ideen voranbringen und Projekte f\u00fcr unsere Stadt umsetzen k\u00f6nnen, sind wir auf Ihre Unterst\u00fctzung angewiesen. Jeder Beitrag hilft \u2013 ob als [&hellip;]","og_url":"https:\/\/cdu-meerbusch.de\/en\/service\/spenden\/","og_site_name":"CDU Meerbusch","article_modified_time":"2025-05-21T14:12:35+00:00","og_image":[{"width":1400,"height":933,"url":"https:\/\/cdu-meerbusch.de\/wp-content\/uploads\/cdu-meerbusch.jpg","type":"image\/jpeg"}],"schema":{"@context":"https:\/\/schema.org","@graph":[{"@type":"WebPage","@id":"https:\/\/cdu-meerbusch.de\/service\/spenden\/","url":"https:\/\/cdu-meerbusch.de\/service\/spenden\/","name":"Donations | CDU Meerbusch","isPartOf":{"@id":"https:\/\/cdu-meerbusch.de\/#website"},"primaryImageOfPage":{"@id":"https:\/\/cdu-meerbusch.de\/service\/spenden\/#primaryimage"},"image":{"@id":"https:\/\/cdu-meerbusch.de\/service\/spenden\/#primaryimage"},"thumbnailUrl":"https:\/\/cdu-meerbusch.de\/wp-content\/uploads\/cdu-meerbusch.jpg","datePublished":"2024-05-07T07:27:48+00:00","dateModified":"2025-05-21T14:12:35+00:00","breadcrumb":{"@id":"https:\/\/cdu-meerbusch.de\/service\/spenden\/#breadcrumb"},"inLanguage":"en-GB","potentialAction":[{"@type":"ReadAction","target":["https:\/\/cdu-meerbusch.de\/service\/spenden\/"]}]},{"@type":"ImageObject","inLanguage":"en-GB","@id":"https:\/\/cdu-meerbusch.de\/service\/spenden\/#primaryimage","url":"https:\/\/cdu-meerbusch.de\/wp-content\/uploads\/cdu-meerbusch.jpg","contentUrl":"https:\/\/cdu-meerbusch.de\/wp-content\/uploads\/cdu-meerbusch.jpg","width":1400,"height":933},{"@type":"BreadcrumbList","@id":"https:\/\/cdu-meerbusch.de\/service\/spenden\/#breadcrumb","itemListElement":[{"@type":"ListItem","position":1,"name":"Startseite","item":"https:\/\/cdu-meerbusch.de\/"},{"@type":"ListItem","position":2,"name":"Service","item":"https:\/\/cdu-meerbusch.de\/service\/"},{"@type":"ListItem","position":3,"name":"Spenden"}]},{"@type":"WebSite","@id":"https:\/\/cdu-meerbusch.de\/#website","url":"https:\/\/cdu-meerbusch.de\/","name":"CDU Meerbusch","description":"Living well in Meerbusch","publisher":{"@id":"https:\/\/cdu-meerbusch.de\/#organization"},"alternateName":"CDU Meerbusch","potentialAction":[{"@type":"SearchAction","target":{"@type":"EntryPoint","urlTemplate":"https:\/\/cdu-meerbusch.de\/?s={search_term_string}"},"query-input":{"@type":"PropertyValueSpecification","valueRequired":true,"valueName":"search_term_string"}}],"inLanguage":"en-GB"},{"@type":"Organization","@id":"https:\/\/cdu-meerbusch.de\/#organization","name":"CDU Meerbusch","url":"https:\/\/cdu-meerbusch.de\/","logo":{"@type":"ImageObject","inLanguage":"en-GB","@id":"https:\/\/cdu-meerbusch.de\/#\/schema\/logo\/image\/","url":"https:\/\/cdu-meerbusch.de\/wp-content\/uploads\/cdu-gesamtlogo.png","contentUrl":"https:\/\/cdu-meerbusch.de\/wp-content\/uploads\/cdu-gesamtlogo.png","width":418,"height":120,"caption":"CDU Meerbusch"},"image":{"@id":"https:\/\/cdu-meerbusch.de\/#\/schema\/logo\/image\/"}}]}},"_links":{"self":[{"href":"https:\/\/cdu-meerbusch.de\/en\/wp-json\/wp\/v2\/pages\/684","targetHints":{"allow":["GET"]}}],"collection":[{"href":"https:\/\/cdu-meerbusch.de\/en\/wp-json\/wp\/v2\/pages"}],"about":[{"href":"https:\/\/cdu-meerbusch.de\/en\/wp-json\/wp\/v2\/types\/page"}],"author":[{"embeddable":true,"href":"https:\/\/cdu-meerbusch.de\/en\/wp-json\/wp\/v2\/users\/1"}],"replies":[{"embeddable":true,"href":"https:\/\/cdu-meerbusch.de\/en\/wp-json\/wp\/v2\/comments?post=684"}],"version-history":[{"count":28,"href":"https:\/\/cdu-meerbusch.de\/en\/wp-json\/wp\/v2\/pages\/684\/revisions"}],"predecessor-version":[{"id":6794,"href":"https:\/\/cdu-meerbusch.de\/en\/wp-json\/wp\/v2\/pages\/684\/revisions\/6794"}],"up":[{"embeddable":true,"href":"https:\/\/cdu-meerbusch.de\/en\/wp-json\/wp\/v2\/pages\/654"}],"wp:featuredmedia":[{"embeddable":true,"href":"https:\/\/cdu-meerbusch.de\/en\/wp-json\/wp\/v2\/media\/6613"}],"wp:attachment":[{"href":"https:\/\/cdu-meerbusch.de\/en\/wp-json\/wp\/v2\/media?parent=684"}],"curies":[{"name":"wp","href":"https:\/\/api.w.org\/{rel}","templated":true}]}}