{"id":636,"date":"2024-05-07T08:49:55","date_gmt":"2024-05-07T06:49:55","guid":{"rendered":"http:\/\/cdu-meerbusch.de\/?page_id=636"},"modified":"2026-01-06T11:56:05","modified_gmt":"2026-01-06T10:56:05","slug":"abgeordnete","status":"publish","type":"page","link":"https:\/\/cdu-meerbusch.de\/en\/partei\/abgeordnete\/","title":{"rendered":"MPs"},"content":{"rendered":"\t\t<div data-elementor-type=\"wp-page\" data-elementor-id=\"636\" class=\"elementor elementor-636\" data-elementor-post-type=\"page\">\n\t\t\t\t\t\t<section class=\"elementor-section elementor-top-section elementor-element elementor-element-c76a9b4 elementor-section-boxed elementor-section-height-default elementor-section-height-default\" data-id=\"c76a9b4\" data-element_type=\"section\" data-e-type=\"section\" data-settings=\"{&quot;jet_parallax_layout_list&quot;:[]}\">\n\t\t\t\t\t\t<div class=\"elementor-container elementor-column-gap-default\">\n\t\t\t\t\t<div class=\"elementor-column elementor-col-100 elementor-top-column elementor-element elementor-element-b82e963\" data-id=\"b82e963\" data-element_type=\"column\" data-e-type=\"column\">\n\t\t\t<div class=\"elementor-widget-wrap elementor-element-populated\">\n\t\t\t\t\t\t<div class=\"elementor-element elementor-element-be4b5a1 elementor-widget elementor-widget-heading\" data-id=\"be4b5a1\" data-element_type=\"widget\" data-e-type=\"widget\" data-widget_type=\"heading.default\">\n\t\t\t\t<div class=\"elementor-widget-container\">\n\t\t\t\t\t<h2 class=\"elementor-heading-title elementor-size-default\">Ansgar Heveling \u2013 Ihre Stimme f\u00fcr Meerbusch im Bundestag <\/h2>\t\t\t\t<\/div>\n\t\t\t\t<\/div>\n\t\t\t\t<div class=\"elementor-element elementor-element-dc4cf83 elementor-widget elementor-widget-heading\" data-id=\"dc4cf83\" data-element_type=\"widget\" data-e-type=\"widget\" data-widget_type=\"heading.default\">\n\t\t\t\t<div class=\"elementor-widget-container\">\n\t\t\t\t\t<h3 class=\"elementor-heading-title elementor-size-default\">F\u00fcr Meerbusch im Bundestag <\/h3>\t\t\t\t<\/div>\n\t\t\t\t<\/div>\n\t\t\t\t<div class=\"elementor-element elementor-element-2ec1fb3 elementor-widget elementor-widget-text-editor\" data-id=\"2ec1fb3\" data-element_type=\"widget\" data-e-type=\"widget\" data-widget_type=\"text-editor.default\">\n\t\t\t\t<div class=\"elementor-widget-container\">\n\t\t\t\t\t\t\t\t\t<p>Seit 2009 vertritt Ansgar Heveling als direkt gew\u00e4hlter Abgeordneter den Wahlkreis Krefeld I \u2013 Neuss II, zu dem auch Meerbusch geh\u00f6rt, im Deutschen Bundestag. Als Jurist und erfahrener Parlamentarier bringt er seine Expertise insbesondere in den Bereichen Recht, Medien und Kultur ein.\u200b<\/p><p>Heveling ist Justiziar der CDU\/CSU-Bundestagsfraktion und Mitglied in mehreren wichtigen Aussch\u00fcssen, darunter der Rechtsausschuss, der Wahlausschuss sowie der Ausschuss f\u00fcr Wahlpr\u00fcfung, Immunit\u00e4t und Gesch\u00e4ftsordnung. Zudem ist er stellvertretendes Mitglied im Ausschuss f\u00fcr Kultur und Medien.\u200b<\/p><p>Geboren am 3. Juli 1972 in M\u00f6nchengladbach-Rheydt und wohnhaft in Korschenbroich, ist Heveling fest in der Region verwurzelt. Sein politisches Engagement begann bereits fr\u00fch: Von 2002 bis 2009 war er Vorsitzender der CDU-Stadtratsfraktion in Korschenbroich und ist seit 2021 Kreisvorsitzender der CDU im Rhein-Kreis Neuss.\u200b<\/p><p>F\u00fcr Heveling steht der direkte Kontakt zu den B\u00fcrgerinnen und B\u00fcrgern im Mittelpunkt seiner Arbeit. Er betont: \u201eEntscheidungen, die in Berlin getroffen werden, wirken sich direkt bei uns am Niederrhein aus. Deshalb ist es mir besonders wichtig, im direkten Gespr\u00e4ch zu erfahren, was die Menschen bewegt, wo der Schuh dr\u00fcckt und welche Erwartungen sie an die Politik haben.\u201c\u200b<\/p><p>Die CDU Meerbusch pflegt einen engen Austausch mit Ansgar Heveling und bringt regelm\u00e4\u00dfig Anliegen und Themen aus unserer Stadt in die politische Diskussion ein.\u200b<\/p>\t\t\t\t\t\t\t\t<\/div>\n\t\t\t\t<\/div>\n\t\t\t\t<div class=\"elementor-element elementor-element-2fd454c elementor-widget elementor-widget-image\" data-id=\"2fd454c\" data-element_type=\"widget\" data-e-type=\"widget\" data-widget_type=\"image.default\">\n\t\t\t\t<div class=\"elementor-widget-container\">\n\t\t\t\t\t\t\t\t\t\t\t\t\t\t\t<img decoding=\"async\" src=\"https:\/\/cdu-meerbusch.de\/wp-content\/uploads\/abgeordneter.jpg\" title=\"\" alt=\"\" loading=\"lazy\" \/>\t\t\t\t\t\t\t\t\t\t\t\t\t\t\t<\/div>\n\t\t\t\t<\/div>\n\t\t\t\t\t<\/div>\n\t\t<\/div>\n\t\t\t\t\t<\/div>\n\t\t<\/section>\n\t\t\t\t<section class=\"elementor-section elementor-top-section elementor-element elementor-element-a90616f elementor-section-boxed elementor-section-height-default elementor-section-height-default\" data-id=\"a90616f\" data-element_type=\"section\" data-e-type=\"section\" data-settings=\"{&quot;jet_parallax_layout_list&quot;:[]}\">\n\t\t\t\t\t\t<div class=\"elementor-container elementor-column-gap-default\">\n\t\t\t\t\t<div class=\"elementor-column elementor-col-100 elementor-top-column elementor-element elementor-element-e9230a2\" data-id=\"e9230a2\" data-element_type=\"column\" data-e-type=\"column\">\n\t\t\t<div class=\"elementor-widget-wrap elementor-element-populated\">\n\t\t\t\t\t\t<div class=\"elementor-element elementor-element-51f1e3a elementor-widget__width-auto elementor-widget elementor-widget-heading\" data-id=\"51f1e3a\" data-element_type=\"widget\" data-e-type=\"widget\" data-widget_type=\"heading.default\">\n\t\t\t\t<div class=\"elementor-widget-container\">\n\t\t\t\t\t<h3 class=\"elementor-heading-title elementor-size-default\">Das sind wir:<\/h3>\t\t\t\t<\/div>\n\t\t\t\t<\/div>\n\t\t\t\t<div class=\"elementor-element elementor-element-b1514cc elementor-widget elementor-widget-jet-listing-grid\" data-id=\"b1514cc\" data-element_type=\"widget\" data-e-type=\"widget\" data-settings=\"{&quot;columns_tablet&quot;:&quot;2&quot;,&quot;columns_mobile&quot;:&quot;1&quot;,&quot;columns&quot;:3}\" data-widget_type=\"jet-listing-grid.default\">\n\t\t\t\t<div class=\"elementor-widget-container\">\n\t\t\t\t\t<div class=\"jet-listing-grid jet-listing\"><div class=\"jet-listing-grid__items grid-col-desk-3 grid-col-tablet-2 grid-col-mobile-1 jet-listing-grid--3077\" data-queried-id=\"636|WP_Post\" data-nav=\"{&quot;enabled&quot;:false,&quot;type&quot;:null,&quot;more_el&quot;:null,&quot;query&quot;:[],&quot;widget_settings&quot;:{&quot;lisitng_id&quot;:3077,&quot;posts_num&quot;:6,&quot;columns&quot;:3,&quot;columns_tablet&quot;:2,&quot;columns_mobile&quot;:1,&quot;column_min_width&quot;:240,&quot;column_min_width_tablet&quot;:240,&quot;column_min_width_mobile&quot;:240,&quot;inline_columns_css&quot;:false,&quot;is_archive_template&quot;:&quot;&quot;,&quot;post_status&quot;:[&quot;publish&quot;],&quot;use_random_posts_num&quot;:&quot;&quot;,&quot;max_posts_num&quot;:9,&quot;not_found_message&quot;:&quot;No data was found&quot;,&quot;is_masonry&quot;:false,&quot;equal_columns_height&quot;:&quot;&quot;,&quot;use_load_more&quot;:&quot;&quot;,&quot;load_more_id&quot;:&quot;&quot;,&quot;load_more_type&quot;:&quot;click&quot;,&quot;load_more_offset&quot;:null,&quot;use_custom_post_types&quot;:&quot;&quot;,&quot;custom_post_types&quot;:[],&quot;hide_widget_if&quot;:&quot;&quot;,&quot;carousel_enabled&quot;:&quot;&quot;,&quot;slides_to_scroll&quot;:&quot;1&quot;,&quot;arrows&quot;:&quot;true&quot;,&quot;arrow_icon&quot;:&quot;fa fa-angle-left&quot;,&quot;dots&quot;:&quot;&quot;,&quot;autoplay&quot;:&quot;true&quot;,&quot;pause_on_hover&quot;:&quot;true&quot;,&quot;autoplay_speed&quot;:5000,&quot;infinite&quot;:&quot;true&quot;,&quot;center_mode&quot;:&quot;&quot;,&quot;effect&quot;:&quot;slide&quot;,&quot;speed&quot;:500,&quot;inject_alternative_items&quot;:&quot;&quot;,&quot;injection_items&quot;:[],&quot;scroll_slider_enabled&quot;:&quot;&quot;,&quot;scroll_slider_on&quot;:[&quot;desktop&quot;,&quot;tablet&quot;,&quot;mobile&quot;],&quot;custom_query&quot;:false,&quot;custom_query_id&quot;:&quot;&quot;,&quot;_element_id&quot;:&quot;&quot;,&quot;collapse_first_last_gap&quot;:false,&quot;list_tag_selection&quot;:&quot;&quot;,&quot;list_items_wrapper_tag&quot;:&quot;div&quot;,&quot;list_item_tag&quot;:&quot;div&quot;,&quot;empty_items_wrapper_tag&quot;:&quot;div&quot;}}\" data-page=\"1\" data-pages=\"1\" data-listing-source=\"query\" data-listing-id=\"3077\" data-query-id=\"18\"><div class=\"jet-listing-grid__item jet-listing-dynamic-post-6927\" data-post-id=\"6927\"  >\t\t<div data-elementor-type=\"jet-listing-items\" data-elementor-id=\"3077\" class=\"elementor elementor-3077\" data-elementor-post-type=\"jet-engine\">\n\t\t\t\t\t\t<section class=\"elementor-section elementor-top-section elementor-element elementor-element-8509b8c elementor-section-boxed elementor-section-height-default elementor-section-height-default\" data-id=\"8509b8c\" data-element_type=\"section\" data-e-type=\"section\" data-settings=\"{&quot;jet_parallax_layout_list&quot;:[]}\">\n\t\t\t\t\t\t<div class=\"elementor-container elementor-column-gap-default\">\n\t\t\t\t\t<div class=\"elementor-column elementor-col-100 elementor-top-column elementor-element elementor-element-8f40cfb\" data-id=\"8f40cfb\" data-element_type=\"column\" data-e-type=\"column\">\n\t\t\t<div class=\"elementor-widget-wrap elementor-element-populated\">\n\t\t\t\t\t\t<div class=\"elementor-element elementor-element-7e5d70e jedv-enabled--yes elementor-widget elementor-widget-jet-listing-dynamic-image\" data-id=\"7e5d70e\" data-element_type=\"widget\" data-e-type=\"widget\" data-widget_type=\"jet-listing-dynamic-image.default\">\n\t\t\t\t<div class=\"elementor-widget-container\">\n\t\t\t\t\t<div class=\"jet-listing jet-listing-dynamic-image\" ><a href=\"https:\/\/cdu-meerbusch.de\/en\/personen\/ansgar-heveling\/\" class=\"jet-listing-dynamic-image__link\"><img fetchpriority=\"high\" decoding=\"async\" width=\"768\" height=\"768\" src=\"https:\/\/cdu-meerbusch.de\/wp-content\/uploads\/ansgar-heveling-768x768.jpg\" class=\"jet-listing-dynamic-image__img attachment-medium_large size-medium_large wp-post-image\" alt=\"Ansgar Heveling\" srcset=\"https:\/\/cdu-meerbusch.de\/wp-content\/uploads\/ansgar-heveling-768x768.jpg 768w, https:\/\/cdu-meerbusch.de\/wp-content\/uploads\/ansgar-heveling-300x300.jpg 300w, https:\/\/cdu-meerbusch.de\/wp-content\/uploads\/ansgar-heveling-150x150.jpg 150w, https:\/\/cdu-meerbusch.de\/wp-content\/uploads\/ansgar-heveling-12x12.jpg 12w, https:\/\/cdu-meerbusch.de\/wp-content\/uploads\/ansgar-heveling.jpg 1000w\" sizes=\"(max-width: 768px) 100vw, 768px\" loading=\"eager\" \/><\/a><\/div>\t\t\t\t<\/div>\n\t\t\t\t<\/div>\n\t\t\t\t<div class=\"elementor-element elementor-element-53a7247 elementor-widget elementor-widget-heading\" data-id=\"53a7247\" data-element_type=\"widget\" data-e-type=\"widget\" data-widget_type=\"heading.default\">\n\t\t\t\t<div class=\"elementor-widget-container\">\n\t\t\t\t\t<p class=\"elementor-heading-title elementor-size-default\">Mitglied des Bundestages<\/p>\t\t\t\t<\/div>\n\t\t\t\t<\/div>\n\t\t\t\t<div class=\"elementor-element elementor-element-2437c96 jedv-enabled--yes elementor-widget elementor-widget-theme-post-title elementor-page-title elementor-widget-heading\" data-id=\"2437c96\" data-element_type=\"widget\" data-e-type=\"widget\" data-widget_type=\"theme-post-title.default\">\n\t\t\t\t<div class=\"elementor-widget-container\">\n\t\t\t\t\t<span class=\"elementor-heading-title elementor-size-default\"><a href=\"https:\/\/cdu-meerbusch.de\/en\/personen\/ansgar-heveling\/\">Ansgar Heveling<\/a><\/span>\t\t\t\t<\/div>\n\t\t\t\t<\/div>\n\t\t\t\t\t<\/div>\n\t\t<\/div>\n\t\t\t\t\t<\/div>\n\t\t<\/section>\n\t\t\t\t<\/div>\n\t\t<\/div><div class=\"jet-listing-grid__item jet-listing-dynamic-post-7568\" data-post-id=\"7568\"  >\t\t<div data-elementor-type=\"jet-listing-items\" data-elementor-id=\"3077\" class=\"elementor elementor-3077\" data-elementor-post-type=\"jet-engine\">\n\t\t\t\t\t\t<section class=\"elementor-section elementor-top-section elementor-element elementor-element-8509b8c elementor-section-boxed elementor-section-height-default elementor-section-height-default\" data-id=\"8509b8c\" data-element_type=\"section\" data-e-type=\"section\" data-settings=\"{&quot;jet_parallax_layout_list&quot;:[]}\">\n\t\t\t\t\t\t<div class=\"elementor-container elementor-column-gap-default\">\n\t\t\t\t\t<div class=\"elementor-column elementor-col-100 elementor-top-column elementor-element elementor-element-8f40cfb\" data-id=\"8f40cfb\" data-element_type=\"column\" data-e-type=\"column\">\n\t\t\t<div class=\"elementor-widget-wrap elementor-element-populated\">\n\t\t\t\t\t\t<div class=\"elementor-element elementor-element-7e5d70e jedv-enabled--yes elementor-widget elementor-widget-jet-listing-dynamic-image\" data-id=\"7e5d70e\" data-element_type=\"widget\" data-e-type=\"widget\" data-widget_type=\"jet-listing-dynamic-image.default\">\n\t\t\t\t<div class=\"elementor-widget-container\">\n\t\t\t\t\t<div class=\"jet-listing jet-listing-dynamic-image\" ><a href=\"https:\/\/cdu-meerbusch.de\/en\/personen\/dr-stefan-berger\/\" class=\"jet-listing-dynamic-image__link\"><img decoding=\"async\" width=\"250\" height=\"250\" src=\"https:\/\/cdu-meerbusch.de\/wp-content\/uploads\/berger_stefan.jpg\" class=\"jet-listing-dynamic-image__img attachment-medium_large size-medium_large wp-post-image\" alt=\"Dr. Stefan Berger\" srcset=\"https:\/\/cdu-meerbusch.de\/wp-content\/uploads\/berger_stefan.jpg 250w, https:\/\/cdu-meerbusch.de\/wp-content\/uploads\/berger_stefan-150x150.jpg 150w, https:\/\/cdu-meerbusch.de\/wp-content\/uploads\/berger_stefan-12x12.jpg 12w\" sizes=\"(max-width: 250px) 100vw, 250px\" loading=\"eager\" \/><\/a><\/div>\t\t\t\t<\/div>\n\t\t\t\t<\/div>\n\t\t\t\t<div class=\"elementor-element elementor-element-53a7247 elementor-widget elementor-widget-heading\" data-id=\"53a7247\" data-element_type=\"widget\" data-e-type=\"widget\" data-widget_type=\"heading.default\">\n\t\t\t\t<div class=\"elementor-widget-container\">\n\t\t\t\t\t<p class=\"elementor-heading-title elementor-size-default\">Mitglied des Europ\u00e4ischen Parlaments<\/p>\t\t\t\t<\/div>\n\t\t\t\t<\/div>\n\t\t\t\t<div class=\"elementor-element elementor-element-2437c96 jedv-enabled--yes elementor-widget elementor-widget-theme-post-title elementor-page-title elementor-widget-heading\" data-id=\"2437c96\" data-element_type=\"widget\" data-e-type=\"widget\" data-widget_type=\"theme-post-title.default\">\n\t\t\t\t<div class=\"elementor-widget-container\">\n\t\t\t\t\t<span class=\"elementor-heading-title elementor-size-default\"><a href=\"https:\/\/cdu-meerbusch.de\/en\/personen\/dr-stefan-berger\/\">Dr. Stefan Berger<\/a><\/span>\t\t\t\t<\/div>\n\t\t\t\t<\/div>\n\t\t\t\t\t<\/div>\n\t\t<\/div>\n\t\t\t\t\t<\/div>\n\t\t<\/section>\n\t\t\t\t<\/div>\n\t\t<\/div><\/div><\/div>\t\t\t\t<\/div>\n\t\t\t\t<\/div>\n\t\t\t\t<div class=\"elementor-element elementor-element-a4a5983 elementor-hidden-desktop elementor-hidden-tablet elementor-hidden-mobile elementor-widget elementor-widget-text-editor\" data-id=\"a4a5983\" data-element_type=\"widget\" data-e-type=\"widget\" data-widget_type=\"text-editor.default\">\n\t\t\t\t<div class=\"elementor-widget-container\">\n\t\t\t\t\t\t\t\t\t<p><em>Hinweis: Die CDU Meerbusch steht in regelm\u00e4\u00dfigem Austausch mit Ansgar Heveling, um die Interessen der B\u00fcrgerinnen und B\u00fcrger vor Ort bestm\u00f6glich im Bundestag zu vertreten.<\/em><\/p>\t\t\t\t\t\t\t\t<\/div>\n\t\t\t\t<\/div>\n\t\t\t\t\t<\/div>\n\t\t<\/div>\n\t\t\t\t\t<\/div>\n\t\t<\/section>\n\t\t\t\t<\/div>\n\t\t","protected":false},"excerpt":{"rendered":"<p>Ansgar Heveling \u2013 Ihre Stimme f\u00fcr Meerbusch im Bundestag F\u00fcr Meerbusch im Bundestag Seit 2009 vertritt Ansgar Heveling als direkt gew\u00e4hlter Abgeordneter den Wahlkreis Krefeld I \u2013 Neuss II, zu dem auch Meerbusch geh\u00f6rt, im Deutschen Bundestag. Als Jurist und erfahrener Parlamentarier bringt er seine Expertise insbesondere in den Bereichen Recht, Medien und Kultur ein.\u200b [&hellip;]<\/p>\n","protected":false},"author":1,"featured_media":6687,"parent":121,"menu_order":0,"comment_status":"closed","ping_status":"closed","template":"","meta":{"footnotes":""},"class_list":["post-636","page","type-page","status-publish","has-post-thumbnail","hentry"],"yoast_head":"<!-- This site is optimized with the Yoast SEO plugin v27.3 - https:\/\/yoast.com\/product\/yoast-seo-wordpress\/ -->\n<title>Abgeordnete | CDU Meerbusch<\/title>\n<meta name=\"robots\" content=\"index, follow, max-snippet:-1, max-image-preview:large, max-video-preview:-1\" \/>\n<link rel=\"canonical\" href=\"https:\/\/cdu-meerbusch.de\/en\/partei\/abgeordnete\/\" \/>\n<meta property=\"og:locale\" content=\"en_GB\" \/>\n<meta property=\"og:type\" content=\"article\" \/>\n<meta property=\"og:title\" content=\"Abgeordnete | CDU Meerbusch\" \/>\n<meta property=\"og:description\" content=\"Ansgar Heveling \u2013 Ihre Stimme f\u00fcr Meerbusch im Bundestag F\u00fcr Meerbusch im Bundestag Seit 2009 vertritt Ansgar Heveling als direkt gew\u00e4hlter Abgeordneter den Wahlkreis Krefeld I \u2013 Neuss II, zu dem auch Meerbusch geh\u00f6rt, im Deutschen Bundestag. Als Jurist und erfahrener Parlamentarier bringt er seine Expertise insbesondere in den Bereichen Recht, Medien und Kultur ein.\u200b [&hellip;]\" \/>\n<meta property=\"og:url\" content=\"https:\/\/cdu-meerbusch.de\/en\/partei\/abgeordnete\/\" \/>\n<meta property=\"og:site_name\" content=\"CDU Meerbusch\" \/>\n<meta property=\"article:modified_time\" content=\"2026-01-06T10:56:05+00:00\" \/>\n<meta property=\"og:image\" content=\"https:\/\/cdu-meerbusch.de\/wp-content\/uploads\/meerbusch.jpg\" \/>\n\t<meta property=\"og:image:width\" content=\"1300\" \/>\n\t<meta property=\"og:image:height\" content=\"868\" \/>\n\t<meta property=\"og:image:type\" content=\"image\/jpeg\" \/>\n<script type=\"application\/ld+json\" class=\"yoast-schema-graph\">{\"@context\":\"https:\\\/\\\/schema.org\",\"@graph\":[{\"@type\":\"WebPage\",\"@id\":\"https:\\\/\\\/cdu-meerbusch.de\\\/partei\\\/abgeordnete\\\/\",\"url\":\"https:\\\/\\\/cdu-meerbusch.de\\\/partei\\\/abgeordnete\\\/\",\"name\":\"Abgeordnete | CDU Meerbusch\",\"isPartOf\":{\"@id\":\"https:\\\/\\\/cdu-meerbusch.de\\\/#website\"},\"primaryImageOfPage\":{\"@id\":\"https:\\\/\\\/cdu-meerbusch.de\\\/partei\\\/abgeordnete\\\/#primaryimage\"},\"image\":{\"@id\":\"https:\\\/\\\/cdu-meerbusch.de\\\/partei\\\/abgeordnete\\\/#primaryimage\"},\"thumbnailUrl\":\"https:\\\/\\\/cdu-meerbusch.de\\\/wp-content\\\/uploads\\\/meerbusch.jpg\",\"datePublished\":\"2024-05-07T06:49:55+00:00\",\"dateModified\":\"2026-01-06T10:56:05+00:00\",\"breadcrumb\":{\"@id\":\"https:\\\/\\\/cdu-meerbusch.de\\\/partei\\\/abgeordnete\\\/#breadcrumb\"},\"inLanguage\":\"en-GB\",\"potentialAction\":[{\"@type\":\"ReadAction\",\"target\":[\"https:\\\/\\\/cdu-meerbusch.de\\\/partei\\\/abgeordnete\\\/\"]}]},{\"@type\":\"ImageObject\",\"inLanguage\":\"en-GB\",\"@id\":\"https:\\\/\\\/cdu-meerbusch.de\\\/partei\\\/abgeordnete\\\/#primaryimage\",\"url\":\"https:\\\/\\\/cdu-meerbusch.de\\\/wp-content\\\/uploads\\\/meerbusch.jpg\",\"contentUrl\":\"https:\\\/\\\/cdu-meerbusch.de\\\/wp-content\\\/uploads\\\/meerbusch.jpg\",\"width\":1300,\"height\":868},{\"@type\":\"BreadcrumbList\",\"@id\":\"https:\\\/\\\/cdu-meerbusch.de\\\/partei\\\/abgeordnete\\\/#breadcrumb\",\"itemListElement\":[{\"@type\":\"ListItem\",\"position\":1,\"name\":\"Startseite\",\"item\":\"https:\\\/\\\/cdu-meerbusch.de\\\/\"},{\"@type\":\"ListItem\",\"position\":2,\"name\":\"Partei\",\"item\":\"https:\\\/\\\/cdu-meerbusch.de\\\/partei\\\/\"},{\"@type\":\"ListItem\",\"position\":3,\"name\":\"Abgeordnete\"}]},{\"@type\":\"WebSite\",\"@id\":\"https:\\\/\\\/cdu-meerbusch.de\\\/#website\",\"url\":\"https:\\\/\\\/cdu-meerbusch.de\\\/\",\"name\":\"CDU Meerbusch\",\"description\":\"gut Leben in Meerbusch\",\"publisher\":{\"@id\":\"https:\\\/\\\/cdu-meerbusch.de\\\/#organization\"},\"alternateName\":\"CDU Meerbusch\",\"potentialAction\":[{\"@type\":\"SearchAction\",\"target\":{\"@type\":\"EntryPoint\",\"urlTemplate\":\"https:\\\/\\\/cdu-meerbusch.de\\\/?s={search_term_string}\"},\"query-input\":{\"@type\":\"PropertyValueSpecification\",\"valueRequired\":true,\"valueName\":\"search_term_string\"}}],\"inLanguage\":\"en-GB\"},{\"@type\":\"Organization\",\"@id\":\"https:\\\/\\\/cdu-meerbusch.de\\\/#organization\",\"name\":\"CDU Meerbusch\",\"url\":\"https:\\\/\\\/cdu-meerbusch.de\\\/\",\"logo\":{\"@type\":\"ImageObject\",\"inLanguage\":\"en-GB\",\"@id\":\"https:\\\/\\\/cdu-meerbusch.de\\\/#\\\/schema\\\/logo\\\/image\\\/\",\"url\":\"https:\\\/\\\/cdu-meerbusch.de\\\/wp-content\\\/uploads\\\/cdu-gesamtlogo.png\",\"contentUrl\":\"https:\\\/\\\/cdu-meerbusch.de\\\/wp-content\\\/uploads\\\/cdu-gesamtlogo.png\",\"width\":418,\"height\":120,\"caption\":\"CDU Meerbusch\"},\"image\":{\"@id\":\"https:\\\/\\\/cdu-meerbusch.de\\\/#\\\/schema\\\/logo\\\/image\\\/\"}}]}<\/script>\n<!-- \/ Yoast SEO plugin. -->","yoast_head_json":{"title":"Member of Parliament | CDU Meerbusch","robots":{"index":"index","follow":"follow","max-snippet":"max-snippet:-1","max-image-preview":"max-image-preview:large","max-video-preview":"max-video-preview:-1"},"canonical":"https:\/\/cdu-meerbusch.de\/en\/partei\/abgeordnete\/","og_locale":"en_GB","og_type":"article","og_title":"Abgeordnete | CDU Meerbusch","og_description":"Ansgar Heveling \u2013 Ihre Stimme f\u00fcr Meerbusch im Bundestag F\u00fcr Meerbusch im Bundestag Seit 2009 vertritt Ansgar Heveling als direkt gew\u00e4hlter Abgeordneter den Wahlkreis Krefeld I \u2013 Neuss II, zu dem auch Meerbusch geh\u00f6rt, im Deutschen Bundestag. Als Jurist und erfahrener Parlamentarier bringt er seine Expertise insbesondere in den Bereichen Recht, Medien und Kultur ein.\u200b [&hellip;]","og_url":"https:\/\/cdu-meerbusch.de\/en\/partei\/abgeordnete\/","og_site_name":"CDU Meerbusch","article_modified_time":"2026-01-06T10:56:05+00:00","og_image":[{"width":1300,"height":868,"url":"https:\/\/cdu-meerbusch.de\/wp-content\/uploads\/meerbusch.jpg","type":"image\/jpeg"}],"schema":{"@context":"https:\/\/schema.org","@graph":[{"@type":"WebPage","@id":"https:\/\/cdu-meerbusch.de\/partei\/abgeordnete\/","url":"https:\/\/cdu-meerbusch.de\/partei\/abgeordnete\/","name":"Member of Parliament | CDU Meerbusch","isPartOf":{"@id":"https:\/\/cdu-meerbusch.de\/#website"},"primaryImageOfPage":{"@id":"https:\/\/cdu-meerbusch.de\/partei\/abgeordnete\/#primaryimage"},"image":{"@id":"https:\/\/cdu-meerbusch.de\/partei\/abgeordnete\/#primaryimage"},"thumbnailUrl":"https:\/\/cdu-meerbusch.de\/wp-content\/uploads\/meerbusch.jpg","datePublished":"2024-05-07T06:49:55+00:00","dateModified":"2026-01-06T10:56:05+00:00","breadcrumb":{"@id":"https:\/\/cdu-meerbusch.de\/partei\/abgeordnete\/#breadcrumb"},"inLanguage":"en-GB","potentialAction":[{"@type":"ReadAction","target":["https:\/\/cdu-meerbusch.de\/partei\/abgeordnete\/"]}]},{"@type":"ImageObject","inLanguage":"en-GB","@id":"https:\/\/cdu-meerbusch.de\/partei\/abgeordnete\/#primaryimage","url":"https:\/\/cdu-meerbusch.de\/wp-content\/uploads\/meerbusch.jpg","contentUrl":"https:\/\/cdu-meerbusch.de\/wp-content\/uploads\/meerbusch.jpg","width":1300,"height":868},{"@type":"BreadcrumbList","@id":"https:\/\/cdu-meerbusch.de\/partei\/abgeordnete\/#breadcrumb","itemListElement":[{"@type":"ListItem","position":1,"name":"Startseite","item":"https:\/\/cdu-meerbusch.de\/"},{"@type":"ListItem","position":2,"name":"Partei","item":"https:\/\/cdu-meerbusch.de\/partei\/"},{"@type":"ListItem","position":3,"name":"Abgeordnete"}]},{"@type":"WebSite","@id":"https:\/\/cdu-meerbusch.de\/#website","url":"https:\/\/cdu-meerbusch.de\/","name":"CDU Meerbusch","description":"Living well in Meerbusch","publisher":{"@id":"https:\/\/cdu-meerbusch.de\/#organization"},"alternateName":"CDU Meerbusch","potentialAction":[{"@type":"SearchAction","target":{"@type":"EntryPoint","urlTemplate":"https:\/\/cdu-meerbusch.de\/?s={search_term_string}"},"query-input":{"@type":"PropertyValueSpecification","valueRequired":true,"valueName":"search_term_string"}}],"inLanguage":"en-GB"},{"@type":"Organization","@id":"https:\/\/cdu-meerbusch.de\/#organization","name":"CDU Meerbusch","url":"https:\/\/cdu-meerbusch.de\/","logo":{"@type":"ImageObject","inLanguage":"en-GB","@id":"https:\/\/cdu-meerbusch.de\/#\/schema\/logo\/image\/","url":"https:\/\/cdu-meerbusch.de\/wp-content\/uploads\/cdu-gesamtlogo.png","contentUrl":"https:\/\/cdu-meerbusch.de\/wp-content\/uploads\/cdu-gesamtlogo.png","width":418,"height":120,"caption":"CDU Meerbusch"},"image":{"@id":"https:\/\/cdu-meerbusch.de\/#\/schema\/logo\/image\/"}}]}},"_links":{"self":[{"href":"https:\/\/cdu-meerbusch.de\/en\/wp-json\/wp\/v2\/pages\/636","targetHints":{"allow":["GET"]}}],"collection":[{"href":"https:\/\/cdu-meerbusch.de\/en\/wp-json\/wp\/v2\/pages"}],"about":[{"href":"https:\/\/cdu-meerbusch.de\/en\/wp-json\/wp\/v2\/types\/page"}],"author":[{"embeddable":true,"href":"https:\/\/cdu-meerbusch.de\/en\/wp-json\/wp\/v2\/users\/1"}],"replies":[{"embeddable":true,"href":"https:\/\/cdu-meerbusch.de\/en\/wp-json\/wp\/v2\/comments?post=636"}],"version-history":[{"count":71,"href":"https:\/\/cdu-meerbusch.de\/en\/wp-json\/wp\/v2\/pages\/636\/revisions"}],"predecessor-version":[{"id":7575,"href":"https:\/\/cdu-meerbusch.de\/en\/wp-json\/wp\/v2\/pages\/636\/revisions\/7575"}],"up":[{"embeddable":true,"href":"https:\/\/cdu-meerbusch.de\/en\/wp-json\/wp\/v2\/pages\/121"}],"wp:featuredmedia":[{"embeddable":true,"href":"https:\/\/cdu-meerbusch.de\/en\/wp-json\/wp\/v2\/media\/6687"}],"wp:attachment":[{"href":"https:\/\/cdu-meerbusch.de\/en\/wp-json\/wp\/v2\/media?parent=636"}],"curies":[{"name":"wp","href":"https:\/\/api.w.org\/{rel}","templated":true}]}}