{"id":121,"date":"2024-04-30T15:52:49","date_gmt":"2024-04-30T13:52:49","guid":{"rendered":"http:\/\/cdu-meerbusch.de\/ueber-uns\/"},"modified":"2025-05-28T14:56:56","modified_gmt":"2025-05-28T12:56:56","slug":"partei","status":"publish","type":"page","link":"https:\/\/cdu-meerbusch.de\/en\/partei\/","title":{"rendered":"Party"},"content":{"rendered":"<div data-elementor-type=\"wp-page\" data-elementor-id=\"121\" class=\"elementor elementor-121\" data-elementor-post-type=\"page\">\n\t\t\t\t\t\t<section class=\"elementor-section elementor-top-section elementor-element elementor-element-1b4d7fa elementor-section-boxed elementor-section-height-default elementor-section-height-default\" data-id=\"1b4d7fa\" data-element_type=\"section\" data-e-type=\"section\" data-settings=\"{&quot;jet_parallax_layout_list&quot;:[]}\">\n\t\t\t\t\t\t<div class=\"elementor-container elementor-column-gap-default\">\n\t\t\t\t\t<div class=\"elementor-column elementor-col-100 elementor-top-column elementor-element elementor-element-50a0f53\" data-id=\"50a0f53\" data-element_type=\"column\" data-e-type=\"column\">\n\t\t\t<div class=\"elementor-widget-wrap elementor-element-populated\">\n\t\t\t\t\t\t<div class=\"elementor-element elementor-element-4a434dd elementor-widget elementor-widget-heading\" data-id=\"4a434dd\" data-element_type=\"widget\" data-e-type=\"widget\" data-widget_type=\"heading.default\">\n\t\t\t\t<div class=\"elementor-widget-container\">\n\t\t\t\t\t<h2 class=\"elementor-heading-title elementor-size-default\">Shaping Meerbusch together - with heart, mind and responsibility<\/h2>\t\t\t\t<\/div>\n\t\t\t\t<\/div>\n\t\t\t\t<div class=\"elementor-element elementor-element-528729a elementor-widget elementor-widget-text-editor\" data-id=\"528729a\" data-element_type=\"widget\" data-e-type=\"widget\" data-widget_type=\"text-editor.default\">\n\t\t\t\t<div class=\"elementor-widget-container\">\n\t\t\t\t\t\t\t\t\t<p>Dear people of Meerbus,<br \/>Dear fellow citizens.<\/p><p>Welcome to the website of the CDU Meerbusch! We are delighted that you would like to find out more about our work. The CDU Meerbusch is passionate and committed to the interests and future of our beautiful town. We are a community of citizens who have the well-being of our town at heart and want to make Meerbusch a home worth living in for all generations.<\/p><p>Meerbusch - the perfect combination of tranquil rural charm and excellent connections to the region's major cities. Our town has undergone positive development in recent years and we want to continue on this path. It is clear to us that a strong economy, good education and healthcare, unspoilt nature and a lively club scene are the basis for a bright future.<\/p><p>We are committed to the interests of people in all neighbourhoods - from B\u00fcderich and Osterath to Lank and Str\u00fcmp - and want everyone in Meerbus to feel at home in their surroundings. Our districts are unique and we want to ensure that each neighbourhood can retain its own characteristics while at the same time setting the course for the future.<\/p><p>A good infrastructure is just as important to us as a strong cultural and club landscape. We promote local events that strengthen the sense of togetherness and further enhance the quality of life in Meerbusch. The topics of digitalisation, sustainable urban development and the preservation of green spaces are also close to our hearts. For us, a strong and sustainable city is the key to a good life today and in the future.<\/p><p>The CDU Meerbusch is a strong local political force. We are proud of the trust that the citizens have placed in us in the past and would like to continue to stand up for the values and ideas that move our town forward. We are convinced that we can only be successful together - with you at our side!<\/p><p><strong>Stay in contact with us<\/strong> - whether online, at our events or directly on site. Visit us, discuss with us or write to us at <a href=\"mailto:info@cdu-meerbusch.de\" target=\"_blank\" rel=\"noopener\">info@cdu-meerbusch.de<\/a>.<\/p><p>Together we shape Meerbusch - today and in the future!<\/p><p><strong>Kind regards,<\/strong><br \/><strong><em>Yours, Werner Damblon<\/em><\/strong><\/p><p><strong>CDU Meerbusch<\/strong><\/p>\t\t\t\t\t\t\t\t<\/div>\n\t\t\t\t<\/div>\n\t\t\t\t<div class=\"elementor-element elementor-element-2b42201 elementor-view-framed elementor-position-inline-end elementor-widget__width-inherit elementor-shape-circle elementor-mobile-position-block-start elementor-widget elementor-widget-icon-box\" data-id=\"2b42201\" data-element_type=\"widget\" data-e-type=\"widget\" data-widget_type=\"icon-box.default\">\n\t\t\t\t<div class=\"elementor-widget-container\">\n\t\t\t\t\t\t\t<div class=\"elementor-icon-box-wrapper\">\n\n\t\t\t\t\t\t<div class=\"elementor-icon-box-icon\">\n\t\t\t\t<a href=\"https:\/\/cdu-meerbusch.de\/en\/partei\/mitglied-werden\/\" class=\"elementor-icon\" tabindex=\"-1\" aria-label=\"&lt;span class=&quot;headline2&quot;&gt;Become a member&lt;\/span&gt;\">\n\t\t\t\t<i aria-hidden=\"true\" class=\"far fa-heart\"><\/i>\t\t\t\t<\/a>\n\t\t\t<\/div>\n\t\t\t\n\t\t\t\t\t\t<div class=\"elementor-icon-box-content\">\n\n\t\t\t\t\t\t\t\t\t<h3 class=\"elementor-icon-box-title\">\n\t\t\t\t\t\t<a href=\"https:\/\/cdu-meerbusch.de\/en\/partei\/mitglied-werden\/\" >\n\t\t\t\t\t\t\t<span class=\"headline2\">Become a member<\/span>\t\t\t\t\t\t<\/a>\n\t\t\t\t\t<\/h3>\n\t\t\t\t\n\t\t\t\t\n\t\t\t<\/div>\n\t\t\t\n\t\t<\/div>\n\t\t\t\t\t\t<\/div>\n\t\t\t\t<\/div>\n\t\t\t\t\t<\/div>\n\t\t<\/div>\n\t\t\t\t\t<\/div>\n\t\t<\/section>\n\t\t\t\t<\/div>","protected":false},"excerpt":{"rendered":"<p>Meerbusch gemeinsam gestalten \u2013 mit Herz, Verstand und Verantwortung Sehr geehrte Meerbuscherinnen und Meerbuscher, liebe Mitb\u00fcrgerinnen und Mitb\u00fcrger,\u200b herzlich willkommen auf der Webseite der CDU Meerbusch! Es freut uns, dass Sie sich \u00fcber unsere Arbeit informieren m\u00f6chten. Die CDU Meerbusch setzt sich mit Leidenschaft und Engagement f\u00fcr die Belange und die Zukunft unserer sch\u00f6nen Stadt [&hellip;]<\/p>\n","protected":false},"author":1,"featured_media":7014,"parent":0,"menu_order":0,"comment_status":"closed","ping_status":"closed","template":"","meta":{"footnotes":""},"class_list":["post-121","page","type-page","status-publish","has-post-thumbnail","hentry"],"yoast_head":"<!-- This site is optimized with the Yoast SEO plugin v27.3 - https:\/\/yoast.com\/product\/yoast-seo-wordpress\/ -->\n<title>Partei | CDU Meerbusch<\/title>\n<meta name=\"robots\" content=\"index, follow, max-snippet:-1, max-image-preview:large, max-video-preview:-1\" \/>\n<link rel=\"canonical\" href=\"https:\/\/cdu-meerbusch.de\/en\/partei\/\" \/>\n<meta property=\"og:locale\" content=\"en_GB\" \/>\n<meta property=\"og:type\" content=\"article\" \/>\n<meta property=\"og:title\" content=\"Partei | CDU Meerbusch\" \/>\n<meta property=\"og:description\" content=\"Meerbusch gemeinsam gestalten \u2013 mit Herz, Verstand und Verantwortung Sehr geehrte Meerbuscherinnen und Meerbuscher, liebe Mitb\u00fcrgerinnen und Mitb\u00fcrger,\u200b herzlich willkommen auf der Webseite der CDU Meerbusch! Es freut uns, dass Sie sich \u00fcber unsere Arbeit informieren m\u00f6chten. Die CDU Meerbusch setzt sich mit Leidenschaft und Engagement f\u00fcr die Belange und die Zukunft unserer sch\u00f6nen Stadt [&hellip;]\" \/>\n<meta property=\"og:url\" content=\"https:\/\/cdu-meerbusch.de\/en\/partei\/\" \/>\n<meta property=\"og:site_name\" content=\"CDU Meerbusch\" \/>\n<meta property=\"article:modified_time\" content=\"2025-05-28T12:56:56+00:00\" \/>\n<meta property=\"og:image\" content=\"https:\/\/cdu-meerbusch.de\/wp-content\/uploads\/cdu-meerbusch-partei-header_neu.jpg\" \/>\n\t<meta property=\"og:image:width\" content=\"2171\" \/>\n\t<meta property=\"og:image:height\" content=\"968\" \/>\n\t<meta property=\"og:image:type\" content=\"image\/jpeg\" \/>\n<script type=\"application\/ld+json\" class=\"yoast-schema-graph\">{\"@context\":\"https:\\\/\\\/schema.org\",\"@graph\":[{\"@type\":\"WebPage\",\"@id\":\"https:\\\/\\\/cdu-meerbusch.de\\\/partei\\\/\",\"url\":\"https:\\\/\\\/cdu-meerbusch.de\\\/partei\\\/\",\"name\":\"Partei | CDU Meerbusch\",\"isPartOf\":{\"@id\":\"https:\\\/\\\/cdu-meerbusch.de\\\/#website\"},\"primaryImageOfPage\":{\"@id\":\"https:\\\/\\\/cdu-meerbusch.de\\\/partei\\\/#primaryimage\"},\"image\":{\"@id\":\"https:\\\/\\\/cdu-meerbusch.de\\\/partei\\\/#primaryimage\"},\"thumbnailUrl\":\"https:\\\/\\\/cdu-meerbusch.de\\\/wp-content\\\/uploads\\\/cdu-meerbusch-partei-header_neu.jpg\",\"datePublished\":\"2024-04-30T13:52:49+00:00\",\"dateModified\":\"2025-05-28T12:56:56+00:00\",\"breadcrumb\":{\"@id\":\"https:\\\/\\\/cdu-meerbusch.de\\\/partei\\\/#breadcrumb\"},\"inLanguage\":\"en-GB\",\"potentialAction\":[{\"@type\":\"ReadAction\",\"target\":[\"https:\\\/\\\/cdu-meerbusch.de\\\/partei\\\/\"]}]},{\"@type\":\"ImageObject\",\"inLanguage\":\"en-GB\",\"@id\":\"https:\\\/\\\/cdu-meerbusch.de\\\/partei\\\/#primaryimage\",\"url\":\"https:\\\/\\\/cdu-meerbusch.de\\\/wp-content\\\/uploads\\\/cdu-meerbusch-partei-header_neu.jpg\",\"contentUrl\":\"https:\\\/\\\/cdu-meerbusch.de\\\/wp-content\\\/uploads\\\/cdu-meerbusch-partei-header_neu.jpg\",\"width\":2171,\"height\":968},{\"@type\":\"BreadcrumbList\",\"@id\":\"https:\\\/\\\/cdu-meerbusch.de\\\/partei\\\/#breadcrumb\",\"itemListElement\":[{\"@type\":\"ListItem\",\"position\":1,\"name\":\"Startseite\",\"item\":\"https:\\\/\\\/cdu-meerbusch.de\\\/\"},{\"@type\":\"ListItem\",\"position\":2,\"name\":\"Partei\"}]},{\"@type\":\"WebSite\",\"@id\":\"https:\\\/\\\/cdu-meerbusch.de\\\/#website\",\"url\":\"https:\\\/\\\/cdu-meerbusch.de\\\/\",\"name\":\"CDU Meerbusch\",\"description\":\"gut Leben in Meerbusch\",\"publisher\":{\"@id\":\"https:\\\/\\\/cdu-meerbusch.de\\\/#organization\"},\"alternateName\":\"CDU Meerbusch\",\"potentialAction\":[{\"@type\":\"SearchAction\",\"target\":{\"@type\":\"EntryPoint\",\"urlTemplate\":\"https:\\\/\\\/cdu-meerbusch.de\\\/?s={search_term_string}\"},\"query-input\":{\"@type\":\"PropertyValueSpecification\",\"valueRequired\":true,\"valueName\":\"search_term_string\"}}],\"inLanguage\":\"en-GB\"},{\"@type\":\"Organization\",\"@id\":\"https:\\\/\\\/cdu-meerbusch.de\\\/#organization\",\"name\":\"CDU Meerbusch\",\"url\":\"https:\\\/\\\/cdu-meerbusch.de\\\/\",\"logo\":{\"@type\":\"ImageObject\",\"inLanguage\":\"en-GB\",\"@id\":\"https:\\\/\\\/cdu-meerbusch.de\\\/#\\\/schema\\\/logo\\\/image\\\/\",\"url\":\"https:\\\/\\\/cdu-meerbusch.de\\\/wp-content\\\/uploads\\\/cdu-gesamtlogo.png\",\"contentUrl\":\"https:\\\/\\\/cdu-meerbusch.de\\\/wp-content\\\/uploads\\\/cdu-gesamtlogo.png\",\"width\":418,\"height\":120,\"caption\":\"CDU Meerbusch\"},\"image\":{\"@id\":\"https:\\\/\\\/cdu-meerbusch.de\\\/#\\\/schema\\\/logo\\\/image\\\/\"}}]}<\/script>\n<!-- \/ Yoast SEO plugin. -->","yoast_head_json":{"title":"Party | CDU Meerbusch","robots":{"index":"index","follow":"follow","max-snippet":"max-snippet:-1","max-image-preview":"max-image-preview:large","max-video-preview":"max-video-preview:-1"},"canonical":"https:\/\/cdu-meerbusch.de\/en\/partei\/","og_locale":"en_GB","og_type":"article","og_title":"Partei | CDU Meerbusch","og_description":"Meerbusch gemeinsam gestalten \u2013 mit Herz, Verstand und Verantwortung Sehr geehrte Meerbuscherinnen und Meerbuscher, liebe Mitb\u00fcrgerinnen und Mitb\u00fcrger,\u200b herzlich willkommen auf der Webseite der CDU Meerbusch! Es freut uns, dass Sie sich \u00fcber unsere Arbeit informieren m\u00f6chten. Die CDU Meerbusch setzt sich mit Leidenschaft und Engagement f\u00fcr die Belange und die Zukunft unserer sch\u00f6nen Stadt [&hellip;]","og_url":"https:\/\/cdu-meerbusch.de\/en\/partei\/","og_site_name":"CDU Meerbusch","article_modified_time":"2025-05-28T12:56:56+00:00","og_image":[{"width":2171,"height":968,"url":"https:\/\/cdu-meerbusch.de\/wp-content\/uploads\/cdu-meerbusch-partei-header_neu.jpg","type":"image\/jpeg"}],"schema":{"@context":"https:\/\/schema.org","@graph":[{"@type":"WebPage","@id":"https:\/\/cdu-meerbusch.de\/partei\/","url":"https:\/\/cdu-meerbusch.de\/partei\/","name":"Party | CDU Meerbusch","isPartOf":{"@id":"https:\/\/cdu-meerbusch.de\/#website"},"primaryImageOfPage":{"@id":"https:\/\/cdu-meerbusch.de\/partei\/#primaryimage"},"image":{"@id":"https:\/\/cdu-meerbusch.de\/partei\/#primaryimage"},"thumbnailUrl":"https:\/\/cdu-meerbusch.de\/wp-content\/uploads\/cdu-meerbusch-partei-header_neu.jpg","datePublished":"2024-04-30T13:52:49+00:00","dateModified":"2025-05-28T12:56:56+00:00","breadcrumb":{"@id":"https:\/\/cdu-meerbusch.de\/partei\/#breadcrumb"},"inLanguage":"en-GB","potentialAction":[{"@type":"ReadAction","target":["https:\/\/cdu-meerbusch.de\/partei\/"]}]},{"@type":"ImageObject","inLanguage":"en-GB","@id":"https:\/\/cdu-meerbusch.de\/partei\/#primaryimage","url":"https:\/\/cdu-meerbusch.de\/wp-content\/uploads\/cdu-meerbusch-partei-header_neu.jpg","contentUrl":"https:\/\/cdu-meerbusch.de\/wp-content\/uploads\/cdu-meerbusch-partei-header_neu.jpg","width":2171,"height":968},{"@type":"BreadcrumbList","@id":"https:\/\/cdu-meerbusch.de\/partei\/#breadcrumb","itemListElement":[{"@type":"ListItem","position":1,"name":"Startseite","item":"https:\/\/cdu-meerbusch.de\/"},{"@type":"ListItem","position":2,"name":"Partei"}]},{"@type":"WebSite","@id":"https:\/\/cdu-meerbusch.de\/#website","url":"https:\/\/cdu-meerbusch.de\/","name":"CDU Meerbusch","description":"Living well in Meerbusch","publisher":{"@id":"https:\/\/cdu-meerbusch.de\/#organization"},"alternateName":"CDU Meerbusch","potentialAction":[{"@type":"SearchAction","target":{"@type":"EntryPoint","urlTemplate":"https:\/\/cdu-meerbusch.de\/?s={search_term_string}"},"query-input":{"@type":"PropertyValueSpecification","valueRequired":true,"valueName":"search_term_string"}}],"inLanguage":"en-GB"},{"@type":"Organization","@id":"https:\/\/cdu-meerbusch.de\/#organization","name":"CDU Meerbusch","url":"https:\/\/cdu-meerbusch.de\/","logo":{"@type":"ImageObject","inLanguage":"en-GB","@id":"https:\/\/cdu-meerbusch.de\/#\/schema\/logo\/image\/","url":"https:\/\/cdu-meerbusch.de\/wp-content\/uploads\/cdu-gesamtlogo.png","contentUrl":"https:\/\/cdu-meerbusch.de\/wp-content\/uploads\/cdu-gesamtlogo.png","width":418,"height":120,"caption":"CDU Meerbusch"},"image":{"@id":"https:\/\/cdu-meerbusch.de\/#\/schema\/logo\/image\/"}}]}},"_links":{"self":[{"href":"https:\/\/cdu-meerbusch.de\/en\/wp-json\/wp\/v2\/pages\/121","targetHints":{"allow":["GET"]}}],"collection":[{"href":"https:\/\/cdu-meerbusch.de\/en\/wp-json\/wp\/v2\/pages"}],"about":[{"href":"https:\/\/cdu-meerbusch.de\/en\/wp-json\/wp\/v2\/types\/page"}],"author":[{"embeddable":true,"href":"https:\/\/cdu-meerbusch.de\/en\/wp-json\/wp\/v2\/users\/1"}],"replies":[{"embeddable":true,"href":"https:\/\/cdu-meerbusch.de\/en\/wp-json\/wp\/v2\/comments?post=121"}],"version-history":[{"count":122,"href":"https:\/\/cdu-meerbusch.de\/en\/wp-json\/wp\/v2\/pages\/121\/revisions"}],"predecessor-version":[{"id":7006,"href":"https:\/\/cdu-meerbusch.de\/en\/wp-json\/wp\/v2\/pages\/121\/revisions\/7006"}],"wp:featuredmedia":[{"embeddable":true,"href":"https:\/\/cdu-meerbusch.de\/en\/wp-json\/wp\/v2\/media\/7014"}],"wp:attachment":[{"href":"https:\/\/cdu-meerbusch.de\/en\/wp-json\/wp\/v2\/media?parent=121"}],"curies":[{"name":"wp","href":"https:\/\/api.w.org\/{rel}","templated":true}]}}